{"id":2324,"date":"2024-02-15T12:56:06","date_gmt":"2024-02-15T12:56:06","guid":{"rendered":"https:\/\/conventionszczecin.eu\/dlaczego-szczecin\/"},"modified":"2025-01-21T11:28:40","modified_gmt":"2025-01-21T11:28:40","slug":"warum-szczecin","status":"publish","type":"page","link":"https:\/\/conventionszczecin.eu\/de\/warum-szczecin\/","title":{"rendered":"Warum Szczecin"},"content":{"rendered":"\n<div class=\"wp-block-columns alignfull mrelative bialy is-layout-flex wp-container-core-columns-is-layout-9d6595d7 wp-block-columns-is-layout-flex\">\n<div class=\"wp-block-column is-vertically-aligned-top h50 is-style-default is-layout-flow wp-block-column-is-layout-flow\">\n<figure class=\"wp-block-image size-full mcoverback\"><img loading=\"lazy\" decoding=\"async\" width=\"2560\" height=\"1705\" src=\"https:\/\/conventionszczecin.eu\/wp-content\/uploads\/2024\/02\/Dlaczego-Szczecin.jpg\" alt=\"\" class=\"wp-image-1949\" style=\"object-fit:cover\" srcset=\"https:\/\/conventionszczecin.eu\/wp-content\/uploads\/2024\/02\/Dlaczego-Szczecin.jpg 2560w, https:\/\/conventionszczecin.eu\/wp-content\/uploads\/2024\/02\/Dlaczego-Szczecin-300x200.jpg.webp 300w, https:\/\/conventionszczecin.eu\/wp-content\/uploads\/2024\/02\/Dlaczego-Szczecin-768x512.jpg.webp 768w, https:\/\/conventionszczecin.eu\/wp-content\/uploads\/2024\/02\/Dlaczego-Szczecin-1600x1066.jpg.webp 1600w, https:\/\/conventionszczecin.eu\/wp-content\/uploads\/2024\/02\/Dlaczego-Szczecin-1536x1023.jpg.webp 1536w, https:\/\/conventionszczecin.eu\/wp-content\/uploads\/2024\/02\/Dlaczego-Szczecin-2048x1364.jpg.webp 2048w, https:\/\/conventionszczecin.eu\/wp-content\/uploads\/2024\/02\/Dlaczego-Szczecin-40x27.jpg.webp 40w, https:\/\/conventionszczecin.eu\/wp-content\/uploads\/2024\/02\/Dlaczego-Szczecin-1622x1080.jpg.webp 1622w, https:\/\/conventionszczecin.eu\/wp-content\/uploads\/2024\/02\/Dlaczego-Szczecin-330x220.jpg.webp 330w, https:\/\/conventionszczecin.eu\/wp-content\/uploads\/2024\/02\/Dlaczego-Szczecin-980x653.jpg.webp 980w, https:\/\/conventionszczecin.eu\/wp-content\/uploads\/2024\/02\/Dlaczego-Szczecin-1920x1279.jpg.webp 1920w, https:\/\/conventionszczecin.eu\/wp-content\/uploads\/2024\/02\/Dlaczego-Szczecin-225x150.jpg.webp 225w, https:\/\/conventionszczecin.eu\/wp-content\/uploads\/2024\/02\/Dlaczego-Szczecin-1568x1044.jpg.webp 1568w, https:\/\/conventionszczecin.eu\/wp-content\/uploads\/2024\/02\/Dlaczego-Szczecin-300x200@2x.jpg.webp 600w, https:\/\/conventionszczecin.eu\/wp-content\/uploads\/2024\/02\/Dlaczego-Szczecin-40x27@2x.jpg.webp 80w, https:\/\/conventionszczecin.eu\/wp-content\/uploads\/2024\/02\/Dlaczego-Szczecin-330x220@2x.jpg.webp 660w, https:\/\/conventionszczecin.eu\/wp-content\/uploads\/2024\/02\/Dlaczego-Szczecin-980x653@2x.jpg.webp 1960w, https:\/\/conventionszczecin.eu\/wp-content\/uploads\/2024\/02\/Dlaczego-Szczecin-225x150@2x.jpg.webp 450w\" sizes=\"auto, (max-width: 2560px) 100vw, 2560px\" \/><\/figure>\n\n\n\n<div class=\"wp-block-columns are-vertically-aligned-bottom mheader is-layout-flex wp-container-core-columns-is-layout-9d6595d7 wp-block-columns-is-layout-flex\">\n<div class=\"wp-block-column is-vertically-aligned-bottom is-style-m-padl is-layout-flow wp-block-column-is-layout-flow\" style=\"flex-basis:680px\">\n<h1 class=\"wp-block-heading\">Warum <strong>Szczecin<\/strong><\/h1>\n\n\n\n<h6 class=\"wp-block-heading\">Die Hauptstadt von Westpommern ist seit Jahrhunderten ein bedeutsames Wirtschaftszentrum. Dank der Lage, des breiten Angebots an Konferenzeinrichtungen und Hotels ist Stettin eine ideale Stadt f\u00fcr Veranstaltungen, Tagungen und Konferenzen.<\/h6>\n\n\n\n<div style=\"height:100px\" aria-hidden=\"true\" class=\"wp-block-spacer is-style-m-spacerx2\"><\/div>\n<\/div>\n<\/div>\n<\/div>\n<\/div>\n\n\n\n<div class=\"wp-block-columns dlaczego is-layout-flex wp-container-core-columns-is-layout-9d6595d7 wp-block-columns-is-layout-flex\">\n<div class=\"wp-block-column has-white-color has-text-color has-background has-link-color wp-elements-8ac30368e9d095ac1e4faf3431a98a1b is-layout-flow wp-block-column-is-layout-flow\" style=\"background-color:#0099d5\">\n<figure class=\"wp-block-image size-large\"><img decoding=\"async\" src=\"https:\/\/conventionszczecin.eu\/wp-content\/uploads\/2024\/02\/plane.svg\" alt=\"\" class=\"wp-image-1963\"\/><\/figure>\n\n\n\n<p><\/p>\n\n\n\n<p><strong>2 FLUGH\u00c4FEN <\/strong><br><strong>IN DER N\u00c4HE<\/strong><br>46 km bis zum Goleni\u00f3w<br>190 km bis zum Berlin<\/p>\n<\/div>\n\n\n\n<div class=\"wp-block-column has-white-color has-text-color has-background has-link-color wp-elements-d91fc28d923bdc62dd97c782e508c476 is-layout-flow wp-block-column-is-layout-flow\" style=\"background-color:#00719b\">\n<figure class=\"wp-block-image size-large\"><img decoding=\"async\" src=\"https:\/\/conventionszczecin.eu\/wp-content\/uploads\/2024\/02\/wind.svg\" alt=\"\" class=\"wp-image-1966\"\/><\/figure>\n\n\n\n<p><strong>HAUPTSTADT <\/strong><br><strong>DER OFFSHORE-INDUSTRIE<\/strong><\/p>\n\n\n\n<p>In Szczecin siedeln sich globale Giganten der Offshore-Industrie an.<\/p>\n<\/div>\n\n\n\n<div class=\"wp-block-column has-white-color has-text-color has-background has-link-color wp-elements-1d69fdabae218cadaa414b7e978d13f6 is-layout-flow wp-block-column-is-layout-flow\" style=\"background-color:#008880\">\n<figure class=\"wp-block-image size-large\"><img decoding=\"async\" src=\"https:\/\/conventionszczecin.eu\/wp-content\/uploads\/2024\/03\/hotel.svg\" alt=\"\" class=\"wp-image-2704\"\/><\/figure>\n\n\n\n<p><strong>2200 Pl\u00e4tze in <\/strong><br><strong>4-Sterne-Hotels<\/strong><\/p>\n\n\n\n<p>Die Hotels in Szczecin eignen sich hervorragend f\u00fcr die Organisation von Gesch\u00e4ftstreffen, Schulungen und Konferenzen.<\/p>\n<\/div>\n<\/div>\n\n\n\n<div style=\"height:100px\" aria-hidden=\"true\" class=\"wp-block-spacer is-style-m-spacerfull\"><\/div>\n\n\n\n<div class=\"wp-block-columns is-layout-flex wp-container-core-columns-is-layout-9d6595d7 wp-block-columns-is-layout-flex\">\n<div class=\"wp-block-column is-layout-flow wp-block-column-is-layout-flow\">\n<h2 class=\"wp-block-heading\"><strong>Szczecin Convention Bureau Project<\/strong><\/h2>\n\n\n\n<p>Wir sind ein Team, das innerhalb der Strukturen der Gesellschaft der Stadt Szczecin t\u00e4tig ist und sich daf\u00fcr einsetzt, Szczecin als attraktiven Veranstaltungsort f\u00fcr alle Arten von Meetings, Incentive-Reisen, Konferenzen, Kongressen und anderen Events, einschlie\u00dflich Messen und Konzerten, zu f\u00f6rdern.<\/p>\n\n\n\n<p>Wir verf\u00fcgen \u00fcber eine aktuelle Datenbank mit Tagungsorten, helfen bei der Programmgestaltung f\u00fcr den Aufenthalt von Unternehmensgruppen und stellen den direkten Kontakt sowohl zu touristischen Attraktionen als auch zu Veranstaltungsagenturen und anderen begleitenden Dienstleistern her.<\/p>\n<\/div>\n<\/div>\n\n\n\n<div style=\"height:100px\" aria-hidden=\"true\" class=\"wp-block-spacer is-style-m-spacerfull\"><\/div>\n\n\n\n<div class=\"wp-block-columns is-layout-flex wp-container-core-columns-is-layout-9d6595d7 wp-block-columns-is-layout-flex\">\n<div class=\"wp-block-column dwiekolumny is-layout-flow wp-block-column-is-layout-flow\">\n<p><strong>Hauptstadt der Offshore-Industrie <\/strong><\/p>\n\n\n\n<p>In Szczecin siedeln sich globale Giganten der Offshore-Industrie an. Dies wird durch die verkehrsg\u00fcnstige Lage und das wirtschaftsfreundliche Klima beg\u00fcnstigt.<\/p>\n\n\n\n<p><\/p>\n\n\n\n<p><\/p>\n\n\n\n<p><\/p>\n\n\n\n<p><strong>2200 Pl\u00e4tze in 4-Sterne-Hotels<\/strong><\/p>\n\n\n\n<p>Die Hotels in Szczecin eignen sich hervorragend f\u00fcr die Organisation von Gesch\u00e4ftstreffen, Schulungen und Konferenzen. In den letzten Jahren wurden folgende Hotels in Szczecin er\u00f6ffnet: Hampton by Hilton, Courtyard by Marriot, Dana und Grand Focus. Das Radisson Hotel, das erste Hotel dieser Kette in Polen, verf\u00fcgt \u00fcber die gr\u00f6\u00dfte Anzahl von Betten (\u00fcber 700). <\/p>\n<\/div>\n<\/div>\n\n\n\n<div style=\"height:100px\" aria-hidden=\"true\" class=\"wp-block-spacer is-style-m-spacerfull\"><\/div>\n\n\n\n<div class=\"wp-block-columns tabletcolumn is-layout-flex wp-container-core-columns-is-layout-9d6595d7 wp-block-columns-is-layout-flex\">\n<div class=\"wp-block-column is-layout-flow wp-block-column-is-layout-flow\">\n<figure class=\"wp-block-image size-large\"><img loading=\"lazy\" decoding=\"async\" width=\"1600\" height=\"1600\" src=\"https:\/\/conventionszczecin.eu\/wp-content\/uploads\/2024\/02\/filharmonia-1600x1600.jpg\" alt=\"\" class=\"wp-image-1975\" srcset=\"https:\/\/conventionszczecin.eu\/wp-content\/uploads\/2024\/02\/filharmonia-1600x1600.jpg.webp 1600w, https:\/\/conventionszczecin.eu\/wp-content\/uploads\/2024\/02\/filharmonia-150x150.jpg.webp 150w, https:\/\/conventionszczecin.eu\/wp-content\/uploads\/2024\/02\/filharmonia-300x300.jpg.webp 300w, https:\/\/conventionszczecin.eu\/wp-content\/uploads\/2024\/02\/filharmonia-768x768.jpg.webp 768w, https:\/\/conventionszczecin.eu\/wp-content\/uploads\/2024\/02\/filharmonia-1536x1536.jpg.webp 1536w, https:\/\/conventionszczecin.eu\/wp-content\/uploads\/2024\/02\/filharmonia-2048x2048.jpg.webp 2048w, https:\/\/conventionszczecin.eu\/wp-content\/uploads\/2024\/02\/filharmonia-40x40.jpg.webp 40w, https:\/\/conventionszczecin.eu\/wp-content\/uploads\/2024\/02\/filharmonia-1080x1080.jpg.webp 1080w, https:\/\/conventionszczecin.eu\/wp-content\/uploads\/2024\/02\/filharmonia-220x220.jpg.webp 220w, https:\/\/conventionszczecin.eu\/wp-content\/uploads\/2024\/02\/filharmonia-980x980.jpg.webp 980w, https:\/\/conventionszczecin.eu\/wp-content\/uploads\/2024\/02\/filharmonia-280x280.jpg.webp 280w, https:\/\/conventionszczecin.eu\/wp-content\/uploads\/2024\/02\/filharmonia-1920x1920.jpg.webp 1920w, https:\/\/conventionszczecin.eu\/wp-content\/uploads\/2024\/02\/filharmonia-1568x1568.jpg.webp 1568w, https:\/\/conventionszczecin.eu\/wp-content\/uploads\/2024\/02\/filharmonia-300x300@2x.jpg.webp 600w, https:\/\/conventionszczecin.eu\/wp-content\/uploads\/2024\/02\/filharmonia-40x40@2x.jpg.webp 80w, https:\/\/conventionszczecin.eu\/wp-content\/uploads\/2024\/02\/filharmonia-1080x1080@2x.jpg.webp 2160w, https:\/\/conventionszczecin.eu\/wp-content\/uploads\/2024\/02\/filharmonia-220x220@2x.jpg.webp 440w, https:\/\/conventionszczecin.eu\/wp-content\/uploads\/2024\/02\/filharmonia-980x980@2x.jpg.webp 1960w, https:\/\/conventionszczecin.eu\/wp-content\/uploads\/2024\/02\/filharmonia-280x280@2x.jpg.webp 560w\" sizes=\"auto, (max-width: 1600px) 100vw, 1600px\" \/><\/figure>\n<\/div>\n\n\n\n<div class=\"wp-block-column url is-layout-flow wp-block-column-is-layout-flow\">\n<p class=\"has-white-color has-text-color has-background has-link-color wp-elements-2a2ca09cb21012934463456a170280e7\" style=\"background-color:#00719b\"><a href=\"https:\/\/visitszczecin.eu\/de\/das-beste-von-stettin\" target=\"_blank\" rel=\"noreferrer noopener\">Top-Attraktionen in Stettin<\/a><\/p>\n<\/div>\n\n\n\n<div class=\"wp-block-column is-layout-flow wp-block-column-is-layout-flow\">\n<figure class=\"wp-block-image size-large\"><img loading=\"lazy\" decoding=\"async\" width=\"1600\" height=\"1600\" src=\"https:\/\/conventionszczecin.eu\/wp-content\/uploads\/2024\/02\/orly-1600x1600.jpg\" alt=\"\" class=\"wp-image-1972\" srcset=\"https:\/\/conventionszczecin.eu\/wp-content\/uploads\/2024\/02\/orly-1600x1600.jpg.webp 1600w, https:\/\/conventionszczecin.eu\/wp-content\/uploads\/2024\/02\/orly-150x150.jpg.webp 150w, https:\/\/conventionszczecin.eu\/wp-content\/uploads\/2024\/02\/orly-300x300.jpg.webp 300w, https:\/\/conventionszczecin.eu\/wp-content\/uploads\/2024\/02\/orly-768x768.jpg.webp 768w, https:\/\/conventionszczecin.eu\/wp-content\/uploads\/2024\/02\/orly-1536x1536.jpg.webp 1536w, https:\/\/conventionszczecin.eu\/wp-content\/uploads\/2024\/02\/orly-2048x2048.jpg.webp 2048w, https:\/\/conventionszczecin.eu\/wp-content\/uploads\/2024\/02\/orly-40x40.jpg.webp 40w, https:\/\/conventionszczecin.eu\/wp-content\/uploads\/2024\/02\/orly-1080x1080.jpg.webp 1080w, https:\/\/conventionszczecin.eu\/wp-content\/uploads\/2024\/02\/orly-220x220.jpg.webp 220w, https:\/\/conventionszczecin.eu\/wp-content\/uploads\/2024\/02\/orly-980x980.jpg.webp 980w, https:\/\/conventionszczecin.eu\/wp-content\/uploads\/2024\/02\/orly-280x280.jpg.webp 280w, https:\/\/conventionszczecin.eu\/wp-content\/uploads\/2024\/02\/orly-1920x1920.jpg.webp 1920w, https:\/\/conventionszczecin.eu\/wp-content\/uploads\/2024\/02\/orly-1568x1568.jpg.webp 1568w, https:\/\/conventionszczecin.eu\/wp-content\/uploads\/2024\/02\/orly-300x300@2x.jpg.webp 600w, https:\/\/conventionszczecin.eu\/wp-content\/uploads\/2024\/02\/orly-40x40@2x.jpg.webp 80w, https:\/\/conventionszczecin.eu\/wp-content\/uploads\/2024\/02\/orly-1080x1080@2x.jpg.webp 2160w, https:\/\/conventionszczecin.eu\/wp-content\/uploads\/2024\/02\/orly-220x220@2x.jpg.webp 440w, https:\/\/conventionszczecin.eu\/wp-content\/uploads\/2024\/02\/orly-980x980@2x.jpg.webp 1960w, https:\/\/conventionszczecin.eu\/wp-content\/uploads\/2024\/02\/orly-280x280@2x.jpg.webp 560w\" sizes=\"auto, (max-width: 1600px) 100vw, 1600px\" \/><\/figure>\n<\/div>\n<\/div>\n","protected":false},"excerpt":{"rendered":"<p>Warum Szczecin Die Hauptstadt von Westpommern ist seit Jahrhunderten ein bedeutsames Wirtschaftszentrum. Dank der Lage, des breiten Angebots an Konferenzeinrichtungen und Hotels ist Stettin eine ideale Stadt f\u00fcr Veranstaltungen, Tagungen [&hellip;]<\/p>\n","protected":false},"author":1,"featured_media":0,"parent":0,"menu_order":0,"comment_status":"closed","ping_status":"closed","template":"","meta":{"_acf_changed":false,"inline_featured_image":false,"footnotes":""},"class_list":["post-2324","page","type-page","status-publish","hentry"],"acf":[],"yoast_head":"<!-- This site is optimized with the Yoast SEO plugin v25.1 - https:\/\/yoast.com\/wordpress\/plugins\/seo\/ -->\n<title>Warum Szczecin - Szczecin Convention Bureau<\/title>\n<meta name=\"robots\" content=\"index, follow, max-snippet:-1, max-image-preview:large, max-video-preview:-1\" \/>\n<link rel=\"canonical\" href=\"https:\/\/conventionszczecin.eu\/de\/warum-szczecin\/\" \/>\n<meta property=\"og:locale\" content=\"de_DE\" \/>\n<meta property=\"og:type\" content=\"article\" \/>\n<meta property=\"og:title\" content=\"Warum Szczecin - Szczecin Convention Bureau\" \/>\n<meta property=\"og:description\" content=\"Warum Szczecin Die Hauptstadt von Westpommern ist seit Jahrhunderten ein bedeutsames Wirtschaftszentrum. Dank der Lage, des breiten Angebots an Konferenzeinrichtungen und Hotels ist Stettin eine ideale Stadt f\u00fcr Veranstaltungen, Tagungen [&hellip;]\" \/>\n<meta property=\"og:url\" content=\"https:\/\/conventionszczecin.eu\/de\/warum-szczecin\/\" \/>\n<meta property=\"og:site_name\" content=\"Szczecin Convention Bureau\" \/>\n<meta property=\"article:modified_time\" content=\"2025-01-21T11:28:40+00:00\" \/>\n<meta property=\"og:image\" content=\"https:\/\/conventionszczecin.eu\/wp-content\/uploads\/2024\/02\/Dlaczego-Szczecin.jpg\" \/>\n<meta name=\"twitter:card\" content=\"summary_large_image\" \/>\n<meta name=\"twitter:label1\" content=\"Gesch\u00e4tzte Lesezeit\" \/>\n\t<meta name=\"twitter:data1\" content=\"3\u00a0Minuten\" \/>\n<script type=\"application\/ld+json\" class=\"yoast-schema-graph\">{\"@context\":\"https:\/\/schema.org\",\"@graph\":[{\"@type\":\"WebPage\",\"@id\":\"https:\/\/conventionszczecin.eu\/de\/warum-szczecin\/\",\"url\":\"https:\/\/conventionszczecin.eu\/de\/warum-szczecin\/\",\"name\":\"Warum Szczecin - Szczecin Convention Bureau\",\"isPartOf\":{\"@id\":\"https:\/\/conventionszczecin.eu\/de\/#website\"},\"primaryImageOfPage\":{\"@id\":\"https:\/\/conventionszczecin.eu\/de\/warum-szczecin\/#primaryimage\"},\"image\":{\"@id\":\"https:\/\/conventionszczecin.eu\/de\/warum-szczecin\/#primaryimage\"},\"thumbnailUrl\":\"https:\/\/conventionszczecin.eu\/wp-content\/uploads\/2024\/02\/Dlaczego-Szczecin.jpg\",\"datePublished\":\"2024-02-15T12:56:06+00:00\",\"dateModified\":\"2025-01-21T11:28:40+00:00\",\"breadcrumb\":{\"@id\":\"https:\/\/conventionszczecin.eu\/de\/warum-szczecin\/#breadcrumb\"},\"inLanguage\":\"de\",\"potentialAction\":[{\"@type\":\"ReadAction\",\"target\":[\"https:\/\/conventionszczecin.eu\/de\/warum-szczecin\/\"]}]},{\"@type\":\"ImageObject\",\"inLanguage\":\"de\",\"@id\":\"https:\/\/conventionszczecin.eu\/de\/warum-szczecin\/#primaryimage\",\"url\":\"https:\/\/conventionszczecin.eu\/wp-content\/uploads\/2024\/02\/Dlaczego-Szczecin.jpg\",\"contentUrl\":\"https:\/\/conventionszczecin.eu\/wp-content\/uploads\/2024\/02\/Dlaczego-Szczecin.jpg\"},{\"@type\":\"BreadcrumbList\",\"@id\":\"https:\/\/conventionszczecin.eu\/de\/warum-szczecin\/#breadcrumb\",\"itemListElement\":[{\"@type\":\"ListItem\",\"position\":1,\"name\":\"Strona g\u0142\u00f3wna\",\"item\":\"https:\/\/conventionszczecin.eu\/de\/\"},{\"@type\":\"ListItem\",\"position\":2,\"name\":\"Warum Szczecin\"}]},{\"@type\":\"WebSite\",\"@id\":\"https:\/\/conventionszczecin.eu\/de\/#website\",\"url\":\"https:\/\/conventionszczecin.eu\/de\/\",\"name\":\"Szczecin Convention Bureau\",\"description\":\"Stolica Pomorza Zachodniego od wiek\u00f3w jest wa\u017cnym o\u015brodkiem gospodarczym. Szczecin przyci\u0105ga bogat\u0105 ofert\u0105 turystyczn\u0105, lokalizacj\u0105 i rozbudowan\u0105 infrastruktur\u0105.\",\"potentialAction\":[{\"@type\":\"SearchAction\",\"target\":{\"@type\":\"EntryPoint\",\"urlTemplate\":\"https:\/\/conventionszczecin.eu\/de\/?s={search_term_string}\"},\"query-input\":{\"@type\":\"PropertyValueSpecification\",\"valueRequired\":true,\"valueName\":\"search_term_string\"}}],\"inLanguage\":\"de\"}]}<\/script>\n<!-- \/ Yoast SEO plugin. -->","yoast_head_json":{"title":"Warum Szczecin - Szczecin Convention Bureau","robots":{"index":"index","follow":"follow","max-snippet":"max-snippet:-1","max-image-preview":"max-image-preview:large","max-video-preview":"max-video-preview:-1"},"canonical":"https:\/\/conventionszczecin.eu\/de\/warum-szczecin\/","og_locale":"de_DE","og_type":"article","og_title":"Warum Szczecin - Szczecin Convention Bureau","og_description":"Warum Szczecin Die Hauptstadt von Westpommern ist seit Jahrhunderten ein bedeutsames Wirtschaftszentrum. Dank der Lage, des breiten Angebots an Konferenzeinrichtungen und Hotels ist Stettin eine ideale Stadt f\u00fcr Veranstaltungen, Tagungen [&hellip;]","og_url":"https:\/\/conventionszczecin.eu\/de\/warum-szczecin\/","og_site_name":"Szczecin Convention Bureau","article_modified_time":"2025-01-21T11:28:40+00:00","og_image":[{"url":"https:\/\/conventionszczecin.eu\/wp-content\/uploads\/2024\/02\/Dlaczego-Szczecin.jpg","type":"","width":"","height":""}],"twitter_card":"summary_large_image","twitter_misc":{"Gesch\u00e4tzte Lesezeit":"3\u00a0Minuten"},"schema":{"@context":"https:\/\/schema.org","@graph":[{"@type":"WebPage","@id":"https:\/\/conventionszczecin.eu\/de\/warum-szczecin\/","url":"https:\/\/conventionszczecin.eu\/de\/warum-szczecin\/","name":"Warum Szczecin - Szczecin Convention Bureau","isPartOf":{"@id":"https:\/\/conventionszczecin.eu\/de\/#website"},"primaryImageOfPage":{"@id":"https:\/\/conventionszczecin.eu\/de\/warum-szczecin\/#primaryimage"},"image":{"@id":"https:\/\/conventionszczecin.eu\/de\/warum-szczecin\/#primaryimage"},"thumbnailUrl":"https:\/\/conventionszczecin.eu\/wp-content\/uploads\/2024\/02\/Dlaczego-Szczecin.jpg","datePublished":"2024-02-15T12:56:06+00:00","dateModified":"2025-01-21T11:28:40+00:00","breadcrumb":{"@id":"https:\/\/conventionszczecin.eu\/de\/warum-szczecin\/#breadcrumb"},"inLanguage":"de","potentialAction":[{"@type":"ReadAction","target":["https:\/\/conventionszczecin.eu\/de\/warum-szczecin\/"]}]},{"@type":"ImageObject","inLanguage":"de","@id":"https:\/\/conventionszczecin.eu\/de\/warum-szczecin\/#primaryimage","url":"https:\/\/conventionszczecin.eu\/wp-content\/uploads\/2024\/02\/Dlaczego-Szczecin.jpg","contentUrl":"https:\/\/conventionszczecin.eu\/wp-content\/uploads\/2024\/02\/Dlaczego-Szczecin.jpg"},{"@type":"BreadcrumbList","@id":"https:\/\/conventionszczecin.eu\/de\/warum-szczecin\/#breadcrumb","itemListElement":[{"@type":"ListItem","position":1,"name":"Strona g\u0142\u00f3wna","item":"https:\/\/conventionszczecin.eu\/de\/"},{"@type":"ListItem","position":2,"name":"Warum Szczecin"}]},{"@type":"WebSite","@id":"https:\/\/conventionszczecin.eu\/de\/#website","url":"https:\/\/conventionszczecin.eu\/de\/","name":"Szczecin Convention Bureau","description":"Stolica Pomorza Zachodniego od wiek\u00f3w jest wa\u017cnym o\u015brodkiem gospodarczym. Szczecin przyci\u0105ga bogat\u0105 ofert\u0105 turystyczn\u0105, lokalizacj\u0105 i rozbudowan\u0105 infrastruktur\u0105.","potentialAction":[{"@type":"SearchAction","target":{"@type":"EntryPoint","urlTemplate":"https:\/\/conventionszczecin.eu\/de\/?s={search_term_string}"},"query-input":{"@type":"PropertyValueSpecification","valueRequired":true,"valueName":"search_term_string"}}],"inLanguage":"de"}]}},"_links":{"self":[{"href":"https:\/\/conventionszczecin.eu\/de\/wp-json\/wp\/v2\/pages\/2324","targetHints":{"allow":["GET"]}}],"collection":[{"href":"https:\/\/conventionszczecin.eu\/de\/wp-json\/wp\/v2\/pages"}],"about":[{"href":"https:\/\/conventionszczecin.eu\/de\/wp-json\/wp\/v2\/types\/page"}],"author":[{"embeddable":true,"href":"https:\/\/conventionszczecin.eu\/de\/wp-json\/wp\/v2\/users\/1"}],"replies":[{"embeddable":true,"href":"https:\/\/conventionszczecin.eu\/de\/wp-json\/wp\/v2\/comments?post=2324"}],"version-history":[{"count":12,"href":"https:\/\/conventionszczecin.eu\/de\/wp-json\/wp\/v2\/pages\/2324\/revisions"}],"predecessor-version":[{"id":3225,"href":"https:\/\/conventionszczecin.eu\/de\/wp-json\/wp\/v2\/pages\/2324\/revisions\/3225"}],"wp:attachment":[{"href":"https:\/\/conventionszczecin.eu\/de\/wp-json\/wp\/v2\/media?parent=2324"}],"curies":[{"name":"wp","href":"https:\/\/api.w.org\/{rel}","templated":true}]}}