{"id":2326,"date":"2024-01-31T13:22:31","date_gmt":"2024-01-31T13:22:31","guid":{"rendered":"https:\/\/conventionszczecin.eu\/strona-glowna\/"},"modified":"2024-08-29T12:08:32","modified_gmt":"2024-08-29T12:08:32","slug":"strona-glowna","status":"publish","type":"page","link":"https:\/\/conventionszczecin.eu\/de\/","title":{"rendered":"Strona g\u0142\u00f3wna"},"content":{"rendered":"\n<div class=\"wp-block-columns alignfull mrelative bialy is-layout-flex wp-container-core-columns-is-layout-9d6595d7 wp-block-columns-is-layout-flex\">\n<div class=\"wp-block-column is-vertically-aligned-top h70 is-style-default is-layout-flow wp-block-column-is-layout-flow\">\n<figure class=\"wp-block-image size-full mcoverback\"><img loading=\"lazy\" decoding=\"async\" width=\"2560\" height=\"1708\" src=\"https:\/\/conventionszczecin.eu\/wp-content\/uploads\/2024\/02\/glowne.jpg\" alt=\"\" class=\"wp-image-1759\" style=\"object-fit:cover\" srcset=\"https:\/\/conventionszczecin.eu\/wp-content\/uploads\/2024\/02\/glowne.jpg 2560w, https:\/\/conventionszczecin.eu\/wp-content\/uploads\/2024\/02\/glowne-300x200.jpg.webp 300w, https:\/\/conventionszczecin.eu\/wp-content\/uploads\/2024\/02\/glowne-768x512.jpg.webp 768w, https:\/\/conventionszczecin.eu\/wp-content\/uploads\/2024\/02\/glowne-1600x1068.jpg.webp 1600w, https:\/\/conventionszczecin.eu\/wp-content\/uploads\/2024\/02\/glowne-1536x1025.jpg.webp 1536w, https:\/\/conventionszczecin.eu\/wp-content\/uploads\/2024\/02\/glowne-2048x1366.jpg.webp 2048w, https:\/\/conventionszczecin.eu\/wp-content\/uploads\/2024\/02\/glowne-40x27.jpg.webp 40w, https:\/\/conventionszczecin.eu\/wp-content\/uploads\/2024\/02\/glowne-1619x1080.jpg.webp 1619w, https:\/\/conventionszczecin.eu\/wp-content\/uploads\/2024\/02\/glowne-330x220.jpg.webp 330w, https:\/\/conventionszczecin.eu\/wp-content\/uploads\/2024\/02\/glowne-980x654.jpg.webp 980w, https:\/\/conventionszczecin.eu\/wp-content\/uploads\/2024\/02\/glowne-1920x1281.jpg.webp 1920w, https:\/\/conventionszczecin.eu\/wp-content\/uploads\/2024\/02\/glowne-225x150.jpg.webp 225w, https:\/\/conventionszczecin.eu\/wp-content\/uploads\/2024\/02\/glowne-1568x1046.jpg.webp 1568w, https:\/\/conventionszczecin.eu\/wp-content\/uploads\/2024\/02\/glowne-300x200@2x.jpg.webp 600w, https:\/\/conventionszczecin.eu\/wp-content\/uploads\/2024\/02\/glowne-40x27@2x.jpg.webp 80w, https:\/\/conventionszczecin.eu\/wp-content\/uploads\/2024\/02\/glowne-330x220@2x.jpg.webp 660w, https:\/\/conventionszczecin.eu\/wp-content\/uploads\/2024\/02\/glowne-980x654@2x.jpg.webp 1960w, https:\/\/conventionszczecin.eu\/wp-content\/uploads\/2024\/02\/glowne-225x150@2x.jpg.webp 450w\" sizes=\"auto, (max-width: 2560px) 100vw, 2560px\" \/><\/figure>\n\n\n\n<div class=\"wp-block-columns are-vertically-aligned-bottom mheader is-layout-flex wp-container-core-columns-is-layout-9d6595d7 wp-block-columns-is-layout-flex\">\n<div class=\"wp-block-column is-vertically-aligned-bottom is-style-m-padl is-layout-flow wp-block-column-is-layout-flow\" style=\"flex-basis:680px\">\n<h1 class=\"wp-block-heading\">Szczecin<br><strong>Convention<\/strong><br>Bureau<\/h1>\n\n\n\n<h6 class=\"wp-block-heading\">Die Hauptstadt von Westpommern ist seit Jahrhunderten ein bedeutsames Wirtschaftszentrum. Dank der Lage, des breiten Angebots an Konferenzeinrichtungen und Hotels ist Stettin eine ideale Stadt f\u00fcr Veranstaltungen, Tagungen und Konferenzen.<\/h6>\n\n\n\n<p class=\"wiecej\"><a href=\"https:\/\/conventionszczecin.eu\/de\/warum-szczecin\/\">Das bietet Stettin<\/a><\/p>\n\n\n\n<div style=\"height:100px\" aria-hidden=\"true\" class=\"wp-block-spacer is-style-m-spacerfull\"><\/div>\n<\/div>\n<\/div>\n<\/div>\n<\/div>\n\n\n\n<div style=\"height:100px\" aria-hidden=\"true\" class=\"wp-block-spacer is-style-m-spacerfull\"><\/div>\n\n\n\n<div class=\"wp-block-columns is-layout-flex wp-container-core-columns-is-layout-9d6595d7 wp-block-columns-is-layout-flex\">\n<div class=\"wp-block-column is-layout-flow wp-block-column-is-layout-flow\">\n<h2 class=\"wp-block-heading\">Convention in Stettin<\/h2>\n\n\n\n<p>Das Szczecin Convention Bureau ist die Antwort auf die wachsenden Bed\u00fcrfnisse der MICE- und Gesch\u00e4ftstourismusbranche. Die spezielle Website bietet praktische Informationen f\u00fcr Organisatoren von Gesch\u00e4ftsveranstaltungen. Ein breites Angebot an erstklassigen Konferenzeinrichtungen, ein vielf\u00e4ltiges Hotelangebot und touristische Attraktionen in Verbindung mit der grenz\u00fcberschreitenden Lage machen Stettin zu einem geeigneten Ort f\u00fcr die Organisation nationaler und internationaler Veranstaltungen.<\/p>\n<\/div>\n<\/div>\n\n\n\n<div style=\"height:100px\" aria-hidden=\"true\" class=\"wp-block-spacer is-style-m-spacerfull\"><\/div>\n\n\n\n<div class=\"wp-block-columns are-vertically-aligned-center first1 is-layout-flex wp-container-core-columns-is-layout-9d6595d7 wp-block-columns-is-layout-flex\">\n<div class=\"wp-block-column is-vertically-aligned-center order2 is-layout-flow wp-block-column-is-layout-flow\">\n<figure class=\"wp-block-image size-large\"><img decoding=\"async\" src=\"https:\/\/conventionszczecin.eu\/wp-content\/uploads\/2024\/02\/Biurowiec-sq-1024x909.jpg\" alt=\"\" class=\"wp-image-1786\"\/><\/figure>\n<\/div>\n\n\n\n<div class=\"wp-block-column is-vertically-aligned-center order1 is-layout-flow wp-block-column-is-layout-flow\">\n<p>Szczecin ist seit Jahren ein Anziehungspunkt f\u00fcr gro\u00dfe Unternehmen. Die Lage der Stadt hat dazu gef\u00fchrt, dass gro\u00dfe internationale Unternehmen hier ihre Logistikzentren errichten. Im Technopark Pomerania entwickeln sich IT-Start-ups, und immer mehr Unternehmen siedeln ihren Hauptsitz in modernen B\u00fcrofl\u00e4chen an. Das kulturelle Angebot sowie das wachsende Angebot an Konferenz- und Hoteleinrichtungen machen Szczecin zu einer Stadt, in der Konferenzen von Weltrang stattfinden.<\/p>\n\n\n\n<div style=\"height:100px\" aria-hidden=\"true\" class=\"wp-block-spacer\"><\/div>\n<\/div>\n<\/div>\n\n\n\n<div class=\"wp-block-columns first2 is-layout-flex wp-container-core-columns-is-layout-9d6595d7 wp-block-columns-is-layout-flex\">\n<div class=\"wp-block-column is-layout-flow wp-block-column-is-layout-flow\" style=\"flex-basis:33.3%\">\n<div style=\"height:100px\" aria-hidden=\"true\" class=\"wp-block-spacer is-style-m-spacerfull\"><\/div>\n\n\n\n<p>In den letzten Jahren entstanden in Stettin Geb\u00e4ude wie das Courtyard by Mariott ****, das Moxy Hotel, das Dana Hotel, das Kongresszentrum im Hanza Tower, das Sommertheater und die Stettiner Philharmonie, die mit dem wichtigsten Architekturpreis der Europ\u00e4ischen Union, dem Mies van der Rohe Preis, ausgezeichnet wurde. Im Bau befinden sich u.a. der Konferenzraum in der Alten Druckerei, das Hampton by Hilton Hotel. <\/p>\n\n\n\n<div style=\"height:100px\" aria-hidden=\"true\" class=\"wp-block-spacer is-style-m-spacerhalf\"><\/div>\n<\/div>\n\n\n\n<div class=\"wp-block-column mrelative is-layout-flow wp-block-column-is-layout-flow\" style=\"flex-basis:66.6%\">\n<figure class=\"wp-block-image size-full mimgbottom\"><img loading=\"lazy\" decoding=\"async\" width=\"1920\" height=\"1286\" src=\"https:\/\/conventionszczecin.eu\/wp-content\/uploads\/2024\/02\/ARMS-12-kopia-cut.jpg\" alt=\"\" class=\"wp-image-1793\" srcset=\"https:\/\/conventionszczecin.eu\/wp-content\/uploads\/2024\/02\/ARMS-12-kopia-cut.jpg 1920w, https:\/\/conventionszczecin.eu\/wp-content\/uploads\/2024\/02\/ARMS-12-kopia-cut-300x201.jpg.webp 300w, https:\/\/conventionszczecin.eu\/wp-content\/uploads\/2024\/02\/ARMS-12-kopia-cut-768x514.jpg.webp 768w, https:\/\/conventionszczecin.eu\/wp-content\/uploads\/2024\/02\/ARMS-12-kopia-cut-1600x1072.jpg.webp 1600w, https:\/\/conventionszczecin.eu\/wp-content\/uploads\/2024\/02\/ARMS-12-kopia-cut-1536x1029.jpg.webp 1536w, https:\/\/conventionszczecin.eu\/wp-content\/uploads\/2024\/02\/ARMS-12-kopia-cut-40x27.jpg.webp 40w, https:\/\/conventionszczecin.eu\/wp-content\/uploads\/2024\/02\/ARMS-12-kopia-cut-1612x1080.jpg.webp 1612w, https:\/\/conventionszczecin.eu\/wp-content\/uploads\/2024\/02\/ARMS-12-kopia-cut-328x220.jpg.webp 328w, https:\/\/conventionszczecin.eu\/wp-content\/uploads\/2024\/02\/ARMS-12-kopia-cut-980x656.jpg.webp 980w, https:\/\/conventionszczecin.eu\/wp-content\/uploads\/2024\/02\/ARMS-12-kopia-cut-224x150.jpg.webp 224w, https:\/\/conventionszczecin.eu\/wp-content\/uploads\/2024\/02\/ARMS-12-kopia-cut-1568x1050.jpg.webp 1568w, https:\/\/conventionszczecin.eu\/wp-content\/uploads\/2024\/02\/ARMS-12-kopia-cut-300x201@2x.jpg.webp 600w, https:\/\/conventionszczecin.eu\/wp-content\/uploads\/2024\/02\/ARMS-12-kopia-cut-40x27@2x.jpg.webp 80w, https:\/\/conventionszczecin.eu\/wp-content\/uploads\/2024\/02\/ARMS-12-kopia-cut-328x220@2x.jpg.webp 656w, https:\/\/conventionszczecin.eu\/wp-content\/uploads\/2024\/02\/ARMS-12-kopia-cut-224x150@2x.jpg.webp 448w\" sizes=\"auto, (max-width: 1920px) 100vw, 1920px\" \/><\/figure>\n<\/div>\n<\/div>\n","protected":false},"excerpt":{"rendered":"<p>SzczecinConventionBureau Die Hauptstadt von Westpommern ist seit Jahrhunderten ein bedeutsames Wirtschaftszentrum. Dank der Lage, des breiten Angebots an Konferenzeinrichtungen und Hotels ist Stettin eine ideale Stadt f\u00fcr Veranstaltungen, Tagungen und [&hellip;]<\/p>\n","protected":false},"author":1,"featured_media":0,"parent":0,"menu_order":0,"comment_status":"closed","ping_status":"closed","template":"","meta":{"_acf_changed":false,"inline_featured_image":false,"footnotes":""},"class_list":["post-2326","page","type-page","status-publish","hentry"],"acf":[],"yoast_head":"<!-- This site is optimized with the Yoast SEO plugin v25.1 - https:\/\/yoast.com\/wordpress\/plugins\/seo\/ -->\n<title>Strona g\u0142\u00f3wna - Szczecin Convention Bureau<\/title>\n<meta name=\"robots\" content=\"index, follow, max-snippet:-1, max-image-preview:large, max-video-preview:-1\" \/>\n<link rel=\"canonical\" href=\"https:\/\/conventionszczecin.eu\/de\/\" \/>\n<meta property=\"og:locale\" content=\"de_DE\" \/>\n<meta property=\"og:type\" content=\"article\" \/>\n<meta property=\"og:title\" content=\"Strona g\u0142\u00f3wna - Szczecin Convention Bureau\" \/>\n<meta property=\"og:description\" content=\"SzczecinConventionBureau Die Hauptstadt von Westpommern ist seit Jahrhunderten ein bedeutsames Wirtschaftszentrum. Dank der Lage, des breiten Angebots an Konferenzeinrichtungen und Hotels ist Stettin eine ideale Stadt f\u00fcr Veranstaltungen, Tagungen und [&hellip;]\" \/>\n<meta property=\"og:url\" content=\"https:\/\/conventionszczecin.eu\/de\/\" \/>\n<meta property=\"og:site_name\" content=\"Szczecin Convention Bureau\" \/>\n<meta property=\"article:modified_time\" content=\"2024-08-29T12:08:32+00:00\" \/>\n<meta property=\"og:image\" content=\"https:\/\/conventionszczecin.eu\/wp-content\/uploads\/2024\/02\/glowne.jpg\" \/>\n<meta name=\"twitter:card\" content=\"summary_large_image\" \/>\n<meta name=\"twitter:label1\" content=\"Gesch\u00e4tzte Lesezeit\" \/>\n\t<meta name=\"twitter:data1\" content=\"2\u00a0Minuten\" \/>\n<script type=\"application\/ld+json\" class=\"yoast-schema-graph\">{\"@context\":\"https:\/\/schema.org\",\"@graph\":[{\"@type\":\"WebPage\",\"@id\":\"https:\/\/conventionszczecin.eu\/de\/\",\"url\":\"https:\/\/conventionszczecin.eu\/de\/\",\"name\":\"Strona g\u0142\u00f3wna - Szczecin Convention Bureau\",\"isPartOf\":{\"@id\":\"https:\/\/conventionszczecin.eu\/de\/#website\"},\"primaryImageOfPage\":{\"@id\":\"https:\/\/conventionszczecin.eu\/de\/#primaryimage\"},\"image\":{\"@id\":\"https:\/\/conventionszczecin.eu\/de\/#primaryimage\"},\"thumbnailUrl\":\"https:\/\/conventionszczecin.eu\/wp-content\/uploads\/2024\/02\/glowne.jpg\",\"datePublished\":\"2024-01-31T13:22:31+00:00\",\"dateModified\":\"2024-08-29T12:08:32+00:00\",\"breadcrumb\":{\"@id\":\"https:\/\/conventionszczecin.eu\/de\/#breadcrumb\"},\"inLanguage\":\"de\",\"potentialAction\":[{\"@type\":\"ReadAction\",\"target\":[\"https:\/\/conventionszczecin.eu\/de\/\"]}]},{\"@type\":\"ImageObject\",\"inLanguage\":\"de\",\"@id\":\"https:\/\/conventionszczecin.eu\/de\/#primaryimage\",\"url\":\"https:\/\/conventionszczecin.eu\/wp-content\/uploads\/2024\/02\/glowne.jpg\",\"contentUrl\":\"https:\/\/conventionszczecin.eu\/wp-content\/uploads\/2024\/02\/glowne.jpg\"},{\"@type\":\"BreadcrumbList\",\"@id\":\"https:\/\/conventionszczecin.eu\/de\/#breadcrumb\",\"itemListElement\":[{\"@type\":\"ListItem\",\"position\":1,\"name\":\"Strona g\u0142\u00f3wna\",\"item\":\"https:\/\/conventionszczecin.eu\/de\/\"},{\"@type\":\"ListItem\",\"position\":2,\"name\":\"Strona g\u0142\u00f3wna\"}]},{\"@type\":\"WebSite\",\"@id\":\"https:\/\/conventionszczecin.eu\/de\/#website\",\"url\":\"https:\/\/conventionszczecin.eu\/de\/\",\"name\":\"Szczecin Convention Bureau\",\"description\":\"Stolica Pomorza Zachodniego od wiek\u00f3w jest wa\u017cnym o\u015brodkiem gospodarczym. Szczecin przyci\u0105ga bogat\u0105 ofert\u0105 turystyczn\u0105, lokalizacj\u0105 i rozbudowan\u0105 infrastruktur\u0105.\",\"potentialAction\":[{\"@type\":\"SearchAction\",\"target\":{\"@type\":\"EntryPoint\",\"urlTemplate\":\"https:\/\/conventionszczecin.eu\/de\/?s={search_term_string}\"},\"query-input\":{\"@type\":\"PropertyValueSpecification\",\"valueRequired\":true,\"valueName\":\"search_term_string\"}}],\"inLanguage\":\"de\"}]}<\/script>\n<!-- \/ Yoast SEO plugin. -->","yoast_head_json":{"title":"Strona g\u0142\u00f3wna - Szczecin Convention Bureau","robots":{"index":"index","follow":"follow","max-snippet":"max-snippet:-1","max-image-preview":"max-image-preview:large","max-video-preview":"max-video-preview:-1"},"canonical":"https:\/\/conventionszczecin.eu\/de\/","og_locale":"de_DE","og_type":"article","og_title":"Strona g\u0142\u00f3wna - Szczecin Convention Bureau","og_description":"SzczecinConventionBureau Die Hauptstadt von Westpommern ist seit Jahrhunderten ein bedeutsames Wirtschaftszentrum. Dank der Lage, des breiten Angebots an Konferenzeinrichtungen und Hotels ist Stettin eine ideale Stadt f\u00fcr Veranstaltungen, Tagungen und [&hellip;]","og_url":"https:\/\/conventionszczecin.eu\/de\/","og_site_name":"Szczecin Convention Bureau","article_modified_time":"2024-08-29T12:08:32+00:00","og_image":[{"url":"https:\/\/conventionszczecin.eu\/wp-content\/uploads\/2024\/02\/glowne.jpg","type":"","width":"","height":""}],"twitter_card":"summary_large_image","twitter_misc":{"Gesch\u00e4tzte Lesezeit":"2\u00a0Minuten"},"schema":{"@context":"https:\/\/schema.org","@graph":[{"@type":"WebPage","@id":"https:\/\/conventionszczecin.eu\/de\/","url":"https:\/\/conventionszczecin.eu\/de\/","name":"Strona g\u0142\u00f3wna - Szczecin Convention Bureau","isPartOf":{"@id":"https:\/\/conventionszczecin.eu\/de\/#website"},"primaryImageOfPage":{"@id":"https:\/\/conventionszczecin.eu\/de\/#primaryimage"},"image":{"@id":"https:\/\/conventionszczecin.eu\/de\/#primaryimage"},"thumbnailUrl":"https:\/\/conventionszczecin.eu\/wp-content\/uploads\/2024\/02\/glowne.jpg","datePublished":"2024-01-31T13:22:31+00:00","dateModified":"2024-08-29T12:08:32+00:00","breadcrumb":{"@id":"https:\/\/conventionszczecin.eu\/de\/#breadcrumb"},"inLanguage":"de","potentialAction":[{"@type":"ReadAction","target":["https:\/\/conventionszczecin.eu\/de\/"]}]},{"@type":"ImageObject","inLanguage":"de","@id":"https:\/\/conventionszczecin.eu\/de\/#primaryimage","url":"https:\/\/conventionszczecin.eu\/wp-content\/uploads\/2024\/02\/glowne.jpg","contentUrl":"https:\/\/conventionszczecin.eu\/wp-content\/uploads\/2024\/02\/glowne.jpg"},{"@type":"BreadcrumbList","@id":"https:\/\/conventionszczecin.eu\/de\/#breadcrumb","itemListElement":[{"@type":"ListItem","position":1,"name":"Strona g\u0142\u00f3wna","item":"https:\/\/conventionszczecin.eu\/de\/"},{"@type":"ListItem","position":2,"name":"Strona g\u0142\u00f3wna"}]},{"@type":"WebSite","@id":"https:\/\/conventionszczecin.eu\/de\/#website","url":"https:\/\/conventionszczecin.eu\/de\/","name":"Szczecin Convention Bureau","description":"Stolica Pomorza Zachodniego od wiek\u00f3w jest wa\u017cnym o\u015brodkiem gospodarczym. Szczecin przyci\u0105ga bogat\u0105 ofert\u0105 turystyczn\u0105, lokalizacj\u0105 i rozbudowan\u0105 infrastruktur\u0105.","potentialAction":[{"@type":"SearchAction","target":{"@type":"EntryPoint","urlTemplate":"https:\/\/conventionszczecin.eu\/de\/?s={search_term_string}"},"query-input":{"@type":"PropertyValueSpecification","valueRequired":true,"valueName":"search_term_string"}}],"inLanguage":"de"}]}},"_links":{"self":[{"href":"https:\/\/conventionszczecin.eu\/de\/wp-json\/wp\/v2\/pages\/2326","targetHints":{"allow":["GET"]}}],"collection":[{"href":"https:\/\/conventionszczecin.eu\/de\/wp-json\/wp\/v2\/pages"}],"about":[{"href":"https:\/\/conventionszczecin.eu\/de\/wp-json\/wp\/v2\/types\/page"}],"author":[{"embeddable":true,"href":"https:\/\/conventionszczecin.eu\/de\/wp-json\/wp\/v2\/users\/1"}],"replies":[{"embeddable":true,"href":"https:\/\/conventionszczecin.eu\/de\/wp-json\/wp\/v2\/comments?post=2326"}],"version-history":[{"count":6,"href":"https:\/\/conventionszczecin.eu\/de\/wp-json\/wp\/v2\/pages\/2326\/revisions"}],"predecessor-version":[{"id":3201,"href":"https:\/\/conventionszczecin.eu\/de\/wp-json\/wp\/v2\/pages\/2326\/revisions\/3201"}],"wp:attachment":[{"href":"https:\/\/conventionszczecin.eu\/de\/wp-json\/wp\/v2\/media?parent=2326"}],"curies":[{"name":"wp","href":"https:\/\/api.w.org\/{rel}","templated":true}]}}