{"id":2319,"date":"2024-02-20T15:00:57","date_gmt":"2024-02-20T15:00:57","guid":{"rendered":"https:\/\/conventionszczecin.eu\/agencje-eventowe\/"},"modified":"2026-03-24T11:14:32","modified_gmt":"2026-03-24T11:14:32","slug":"agencje-eventowe","status":"publish","type":"page","link":"https:\/\/conventionszczecin.eu\/en\/agencje-eventowe\/","title":{"rendered":"Event agencies"},"content":{"rendered":"\n<div class=\"wp-block-columns alignfull mrelative bialy is-layout-flex wp-container-core-columns-is-layout-9d6595d7 wp-block-columns-is-layout-flex\">\n<div class=\"wp-block-column is-vertically-aligned-top h50 is-style-default is-layout-flow wp-block-column-is-layout-flow\">\n<figure class=\"wp-block-image size-full mcoverback\"><img loading=\"lazy\" decoding=\"async\" width=\"2449\" height=\"1632\" src=\"https:\/\/conventionszczecin.eu\/wp-content\/uploads\/2024\/02\/Agencje-Eventowe-2.jpg\" alt=\"\" class=\"wp-image-2313\" style=\"object-fit:cover\" srcset=\"https:\/\/conventionszczecin.eu\/wp-content\/uploads\/2024\/02\/Agencje-Eventowe-2.jpg 2449w, https:\/\/conventionszczecin.eu\/wp-content\/uploads\/2024\/02\/Agencje-Eventowe-2-300x200.jpg.webp 300w, https:\/\/conventionszczecin.eu\/wp-content\/uploads\/2024\/02\/Agencje-Eventowe-2-1600x1066.jpg.webp 1600w, https:\/\/conventionszczecin.eu\/wp-content\/uploads\/2024\/02\/Agencje-Eventowe-2-768x512.jpg.webp 768w, https:\/\/conventionszczecin.eu\/wp-content\/uploads\/2024\/02\/Agencje-Eventowe-2-1536x1024.jpg.webp 1536w, https:\/\/conventionszczecin.eu\/wp-content\/uploads\/2024\/02\/Agencje-Eventowe-2-2048x1365.jpg.webp 2048w, https:\/\/conventionszczecin.eu\/wp-content\/uploads\/2024\/02\/Agencje-Eventowe-2-40x27.jpg.webp 40w, https:\/\/conventionszczecin.eu\/wp-content\/uploads\/2024\/02\/Agencje-Eventowe-2-1621x1080.jpg.webp 1621w, https:\/\/conventionszczecin.eu\/wp-content\/uploads\/2024\/02\/Agencje-Eventowe-2-330x220.jpg.webp 330w, https:\/\/conventionszczecin.eu\/wp-content\/uploads\/2024\/02\/Agencje-Eventowe-2-980x653.jpg.webp 980w, https:\/\/conventionszczecin.eu\/wp-content\/uploads\/2024\/02\/Agencje-Eventowe-2-1920x1279.jpg.webp 1920w, https:\/\/conventionszczecin.eu\/wp-content\/uploads\/2024\/02\/Agencje-Eventowe-2-225x150.jpg.webp 225w, https:\/\/conventionszczecin.eu\/wp-content\/uploads\/2024\/02\/Agencje-Eventowe-2-1568x1045.jpg.webp 1568w, https:\/\/conventionszczecin.eu\/wp-content\/uploads\/2024\/02\/Agencje-Eventowe-2-300x200@2x.jpg.webp 600w, https:\/\/conventionszczecin.eu\/wp-content\/uploads\/2024\/02\/Agencje-Eventowe-2-40x27@2x.jpg.webp 80w, https:\/\/conventionszczecin.eu\/wp-content\/uploads\/2024\/02\/Agencje-Eventowe-2-330x220@2x.jpg.webp 660w, https:\/\/conventionszczecin.eu\/wp-content\/uploads\/2024\/02\/Agencje-Eventowe-2-980x653@2x.jpg.webp 1960w, https:\/\/conventionszczecin.eu\/wp-content\/uploads\/2024\/02\/Agencje-Eventowe-2-225x150@2x.jpg.webp 450w\" sizes=\"auto, (max-width: 2449px) 100vw, 2449px\" \/><\/figure>\n\n\n\n<div class=\"wp-block-columns are-vertically-aligned-bottom mheader is-layout-flex wp-container-core-columns-is-layout-9d6595d7 wp-block-columns-is-layout-flex\">\n<div class=\"wp-block-column is-vertically-aligned-bottom is-style-m-padl is-layout-flow wp-block-column-is-layout-flow\" style=\"flex-basis:680px\">\n<h1 class=\"wp-block-heading\">Event <\/h1>\n\n\n\n<h1 class=\"wp-block-heading\"><strong>agencies<\/strong><\/h1>\n\n\n\n<h6 class=\"wp-block-heading\"><\/h6>\n\n\n\n<div style=\"height:100px\" aria-hidden=\"true\" class=\"wp-block-spacer is-style-m-spacerx2\"><\/div>\n<\/div>\n<\/div>\n<\/div>\n<\/div>\n\n\n\n<div style=\"height:100px\" aria-hidden=\"true\" class=\"wp-block-spacer is-style-m-spacerfull\"><\/div>\n\n\n\n<div class=\"wp-block-columns is-layout-flex wp-container-core-columns-is-layout-9d6595d7 wp-block-columns-is-layout-flex\">\n<div class=\"wp-block-column is-layout-flow wp-block-column-is-layout-flow\">\n<h2 class=\"wp-block-heading\">Grupa Bono<\/h2>\n\n\n\n<p>equipment, organisation, marketing<\/p>\n\n\n\n<p><a href=\"https:\/\/bono.pl\/\" target=\"_blank\" rel=\"noreferrer noopener\">www.bono.pl<\/a><\/p>\n\n\n\n<h2 class=\"wp-block-heading\">Aluscena<\/h2>\n\n\n\n<p>technical support<\/p>\n\n\n\n<p><a href=\"https:\/\/www.aluscena.pl\/\" target=\"_blank\" rel=\"noreferrer noopener\">www.aluscena.pl<\/a><\/p>\n\n\n\n<h2 class=\"wp-block-heading\">EVENT FACTORY S.C.<\/h2>\n\n\n\n<p>organisation<\/p>\n\n\n\n<p><a href=\"http:\/\/eventfactory.pl\/\" target=\"_blank\" rel=\"noreferrer noopener\">www.eventfactory.pl<\/a><\/p>\n\n\n\n<h2 class=\"wp-block-heading\">Wsound<\/h2>\n\n\n\n<p>technical support&nbsp;<\/p>\n\n\n\n<p><a href=\"http:\/\/wsound.pl\/\" target=\"_blank\" rel=\"noreferrer noopener\">www.wsound.pl<\/a><\/p>\n\n\n\n<h2 class=\"wp-block-heading\">namiotyimprezy.pl<\/h2>\n\n\n\n<p>technical support, catering<\/p>\n\n\n\n<p><a href=\"http:\/\/namiotyimprezy.pl\/\" target=\"_blank\" rel=\"noreferrer noopener\">www.namiotyimprezy.pl<\/a><\/p>\n\n\n\n<h2 class=\"wp-block-heading\">Browart<\/h2>\n\n\n\n<p>equipment and furniture<\/p>\n\n\n\n<p><a href=\"https:\/\/browart.pl\/\" target=\"_blank\" rel=\"noreferrer noopener\">www.browart.pl<\/a><\/p>\n\n\n\n<h2 class=\"wp-block-heading\">LZK STUDIO \u0141UKASZ LIZIK<\/h2>\n\n\n\n<p>Services for trade fairs, events, construction of trade show booths, reception areas, accreditation offices, temporary rooms, furniture rental and mobile checkrooms.<\/p>\n\n\n\n<p><a href=\"https:\/\/lzkstudio.pl\/\">www.lzkstudio.pl<\/a><\/p>\n\n\n\n<h2 class=\"wp-block-heading\">Brand Wypo\u017cyczalnia Sp. z o.o.<\/h2>\n\n\n\n<p>furniture, catering<\/p>\n\n\n\n<p><a href=\"https:\/\/brand.info.pl\/\" target=\"_blank\" rel=\"noreferrer noopener\">www.brand.info.pl<\/a><\/p>\n\n\n\n<h2 class=\"wp-block-heading\">Soundlab &#8211; event support<\/h2>\n\n\n\n<p>technical support<\/p>\n\n\n\n<p><a href=\"https:\/\/soundlab.tech\/\" target=\"_blank\" rel=\"noreferrer noopener\">www.soundlab.tech<\/a><\/p>\n\n\n\n<h2 class=\"wp-block-heading\">BWT Mr\u00f3z<\/h2>\n\n\n\n<p>furniture<\/p>\n\n\n\n<p><a href=\"https:\/\/m-expo.com\/\">www.m-expo.com<\/a><a href=\"https:\/\/m-expo.com\/\" target=\"_blank\" rel=\"noreferrer noopener\">https:\/\/m-expo.com\/<\/a><\/p>\n\n\n\n<h2 class=\"wp-block-heading\">LS Project &#8211; event engineering<\/h2>\n\n\n\n<p>event engineering&nbsp;<\/p>\n\n\n\n<p><a href=\"http:\/\/lsproject.pl\/\" target=\"_blank\" rel=\"noreferrer noopener\">www.lsproject.pl<\/a><\/p>\n\n\n\n<h2 class=\"wp-block-heading\">Onomatopeja &#8211; agencja muzyczna<\/h2>\n\n\n\n<p>technical support, organisation<\/p>\n\n\n\n<p><a href=\"https:\/\/www.onomatopeja.pl\/\" target=\"_blank\" rel=\"noreferrer noopener\">www.onomatopeja.pl<\/a><\/p>\n\n\n\n<h2 class=\"wp-block-heading\">Giso Produkcja Wydarze\u0144<\/h2>\n\n\n\n<p>event production&nbsp;<\/p>\n\n\n\n<p><a href=\"https:\/\/giso.com.pl\/\" target=\"_blank\" rel=\"noreferrer noopener\">www.giso.com.pl<\/a><\/p>\n\n\n\n<h2 class=\"wp-block-heading\">In Spe Grupa Marketingowa<\/h2>\n\n\n\n<p>organisation, marketing, catering, equipment<\/p>\n\n\n\n<p><a href=\"https:\/\/inspe-grupa.pl\/\" target=\"_blank\" rel=\"noreferrer noopener\">www.inspe-grupa.pl<\/a><\/p>\n\n\n\n<h2 class=\"wp-block-heading\">Event Bar &#8211; Premium bar catering<\/h2>\n\n\n\n<p>premium bar catering<\/p>\n\n\n\n<p><a href=\"http:\/\/event-bar.pl\/\" target=\"_blank\" rel=\"noreferrer noopener\">www.event-bar.pl<\/a><\/p>\n\n\n\n<h2 class=\"wp-block-heading\">Szogun &#8211; event agency<\/h2>\n\n\n\n<p>Organization, technology, teambuilding, corporate\/company events<\/p>\n\n\n\n<p><a href=\"https:\/\/szogun.pl\/\" target=\"_blank\" rel=\"noreferrer noopener\">www.szogun.pl<\/a><\/p>\n\n\n\n<h2 class=\"wp-block-heading\">EVENT ZONE<\/h2>\n\n\n\n<p>organisation, transport, furniture<\/p>\n\n\n\n<p><a href=\"https:\/\/eventzone.5the.pl\/\" target=\"_blank\" rel=\"noreferrer noopener\">www.eventzone.5the.pl<\/a><\/p>\n\n\n\n<h2 class=\"wp-block-heading\">2EVENT SP. Z O.O.<\/h2>\n\n\n\n<p>organisation, catering, incentive<\/p>\n\n\n\n<p><a href=\"https:\/\/2event.pl\/\" target=\"_blank\" rel=\"noreferrer noopener\">www.2event.pl<\/a><\/p>\n\n\n\n<h2 class=\"wp-block-heading\">U. Studio Paulina Miziewicz<\/h2>\n\n\n\n<p>organisation, equipment, catering<\/p>\n\n\n\n<p><a href=\"https:\/\/ustudio.pl\/\" target=\"_blank\" rel=\"noreferrer noopener\">www.ustudio.pl<\/a><\/p>\n\n\n\n<h2 class=\"wp-block-heading\">Target Events &amp; Promotions<\/h2>\n\n\n\n<p>organisation, incentive<\/p>\n\n\n\n<p>www.target-imprezy.pl<\/p>\n\n\n\n<h2 class=\"wp-block-heading\">Lemon Lama<\/h2>\n\n\n\n<p>organisation&nbsp;<\/p>\n\n\n\n<p><a href=\"https:\/\/lemonlama.pl\/\" target=\"_blank\" rel=\"noreferrer noopener\">www.lemonlama.pl<\/a><\/p>\n\n\n\n<h2 class=\"wp-block-heading\">Grupa FOR EVENT<\/h2>\n\n\n\n<p>organisation, technical support, furniture<\/p>\n\n\n\n<p><a href=\"https:\/\/forevent.pl\/\" target=\"_blank\" rel=\"noreferrer noopener\">www.forevent.pl<\/a><\/p>\n\n\n\n<h2 class=\"wp-block-heading\">EVENT RENT<\/h2>\n\n\n\n<p>equipment&nbsp;<\/p>\n\n\n\n<p><a href=\"https:\/\/eventrent.pl\/\" target=\"_blank\" rel=\"noreferrer noopener\">www.eventrent.pl<\/a><\/p>\n\n\n\n<h2 class=\"wp-block-heading\">West Art Media<\/h2>\n\n\n\n<p>Video production, live broadcasts, audiovisual equipment rental. Technical and media support of events, production of commercials and event reports.<\/p>\n\n\n\n<p><a href=\"https:\/\/eventrent.pl\/\" target=\"_blank\" rel=\"noreferrer noopener\">www.eventrent.pl<\/a><\/p>\n<\/div>\n<\/div>\n\n\n\n<div style=\"height:100px\" aria-hidden=\"true\" class=\"wp-block-spacer is-style-m-spacerfull\"><\/div>\n","protected":false},"excerpt":{"rendered":"<p>Event agencies Grupa Bono equipment, organisation, marketing www.bono.pl Aluscena technical support www.aluscena.pl EVENT FACTORY S.C. organisation www.eventfactory.pl Wsound technical support&nbsp; www.wsound.pl namiotyimprezy.pl technical support, catering www.namiotyimprezy.pl Browart equipment and furniture [&hellip;]<\/p>\n","protected":false},"author":1,"featured_media":0,"parent":0,"menu_order":0,"comment_status":"closed","ping_status":"closed","template":"","meta":{"_acf_changed":false,"inline_featured_image":false,"footnotes":""},"class_list":["post-2319","page","type-page","status-publish","hentry"],"acf":[],"yoast_head":"<!-- This site is optimized with the Yoast SEO plugin v25.1 - https:\/\/yoast.com\/wordpress\/plugins\/seo\/ -->\n<title>Event agencies - Szczecin Convention Bureau<\/title>\n<meta name=\"robots\" content=\"index, follow, max-snippet:-1, max-image-preview:large, max-video-preview:-1\" \/>\n<link rel=\"canonical\" href=\"https:\/\/conventionszczecin.eu\/en\/agencje-eventowe\/\" \/>\n<meta property=\"og:locale\" content=\"en_US\" \/>\n<meta property=\"og:type\" content=\"article\" \/>\n<meta property=\"og:title\" content=\"Event agencies - Szczecin Convention Bureau\" \/>\n<meta property=\"og:description\" content=\"Event agencies Grupa Bono equipment, organisation, marketing www.bono.pl Aluscena technical support www.aluscena.pl EVENT FACTORY S.C. organisation www.eventfactory.pl Wsound technical support&nbsp; www.wsound.pl namiotyimprezy.pl technical support, catering www.namiotyimprezy.pl Browart equipment and furniture [&hellip;]\" \/>\n<meta property=\"og:url\" content=\"https:\/\/conventionszczecin.eu\/en\/agencje-eventowe\/\" \/>\n<meta property=\"og:site_name\" content=\"Szczecin Convention Bureau\" \/>\n<meta property=\"article:modified_time\" content=\"2026-03-24T11:14:32+00:00\" \/>\n<meta property=\"og:image\" content=\"https:\/\/conventionszczecin.eu\/wp-content\/uploads\/2024\/02\/Agencje-Eventowe-2.jpg\" \/>\n\t<meta property=\"og:image:width\" content=\"2449\" \/>\n\t<meta property=\"og:image:height\" content=\"1632\" \/>\n\t<meta property=\"og:image:type\" content=\"image\/jpeg\" \/>\n<meta name=\"twitter:card\" content=\"summary_large_image\" \/>\n<meta name=\"twitter:label1\" content=\"Est. reading time\" \/>\n\t<meta name=\"twitter:data1\" content=\"2 minutes\" \/>\n<script type=\"application\/ld+json\" class=\"yoast-schema-graph\">{\"@context\":\"https:\/\/schema.org\",\"@graph\":[{\"@type\":\"WebPage\",\"@id\":\"https:\/\/conventionszczecin.eu\/en\/agencje-eventowe\/\",\"url\":\"https:\/\/conventionszczecin.eu\/en\/agencje-eventowe\/\",\"name\":\"Event agencies - Szczecin Convention Bureau\",\"isPartOf\":{\"@id\":\"https:\/\/conventionszczecin.eu\/en\/#website\"},\"primaryImageOfPage\":{\"@id\":\"https:\/\/conventionszczecin.eu\/en\/agencje-eventowe\/#primaryimage\"},\"image\":{\"@id\":\"https:\/\/conventionszczecin.eu\/en\/agencje-eventowe\/#primaryimage\"},\"thumbnailUrl\":\"https:\/\/conventionszczecin.eu\/wp-content\/uploads\/2024\/02\/Agencje-Eventowe-2.jpg\",\"datePublished\":\"2024-02-20T15:00:57+00:00\",\"dateModified\":\"2026-03-24T11:14:32+00:00\",\"breadcrumb\":{\"@id\":\"https:\/\/conventionszczecin.eu\/en\/agencje-eventowe\/#breadcrumb\"},\"inLanguage\":\"en-US\",\"potentialAction\":[{\"@type\":\"ReadAction\",\"target\":[\"https:\/\/conventionszczecin.eu\/en\/agencje-eventowe\/\"]}]},{\"@type\":\"ImageObject\",\"inLanguage\":\"en-US\",\"@id\":\"https:\/\/conventionszczecin.eu\/en\/agencje-eventowe\/#primaryimage\",\"url\":\"https:\/\/conventionszczecin.eu\/wp-content\/uploads\/2024\/02\/Agencje-Eventowe-2.jpg\",\"contentUrl\":\"https:\/\/conventionszczecin.eu\/wp-content\/uploads\/2024\/02\/Agencje-Eventowe-2.jpg\"},{\"@type\":\"BreadcrumbList\",\"@id\":\"https:\/\/conventionszczecin.eu\/en\/agencje-eventowe\/#breadcrumb\",\"itemListElement\":[{\"@type\":\"ListItem\",\"position\":1,\"name\":\"Strona g\u0142\u00f3wna\",\"item\":\"https:\/\/conventionszczecin.eu\/en\/\"},{\"@type\":\"ListItem\",\"position\":2,\"name\":\"Event agencies\"}]},{\"@type\":\"WebSite\",\"@id\":\"https:\/\/conventionszczecin.eu\/en\/#website\",\"url\":\"https:\/\/conventionszczecin.eu\/en\/\",\"name\":\"Szczecin Convention Bureau\",\"description\":\"Stolica Pomorza Zachodniego od wiek\u00f3w jest wa\u017cnym o\u015brodkiem gospodarczym. Szczecin przyci\u0105ga bogat\u0105 ofert\u0105 turystyczn\u0105, lokalizacj\u0105 i rozbudowan\u0105 infrastruktur\u0105.\",\"potentialAction\":[{\"@type\":\"SearchAction\",\"target\":{\"@type\":\"EntryPoint\",\"urlTemplate\":\"https:\/\/conventionszczecin.eu\/en\/?s={search_term_string}\"},\"query-input\":{\"@type\":\"PropertyValueSpecification\",\"valueRequired\":true,\"valueName\":\"search_term_string\"}}],\"inLanguage\":\"en-US\"}]}<\/script>\n<!-- \/ Yoast SEO plugin. -->","yoast_head_json":{"title":"Event agencies - Szczecin Convention Bureau","robots":{"index":"index","follow":"follow","max-snippet":"max-snippet:-1","max-image-preview":"max-image-preview:large","max-video-preview":"max-video-preview:-1"},"canonical":"https:\/\/conventionszczecin.eu\/en\/agencje-eventowe\/","og_locale":"en_US","og_type":"article","og_title":"Event agencies - Szczecin Convention Bureau","og_description":"Event agencies Grupa Bono equipment, organisation, marketing www.bono.pl Aluscena technical support www.aluscena.pl EVENT FACTORY S.C. organisation www.eventfactory.pl Wsound technical support&nbsp; www.wsound.pl namiotyimprezy.pl technical support, catering www.namiotyimprezy.pl Browart equipment and furniture [&hellip;]","og_url":"https:\/\/conventionszczecin.eu\/en\/agencje-eventowe\/","og_site_name":"Szczecin Convention Bureau","article_modified_time":"2026-03-24T11:14:32+00:00","og_image":[{"width":2449,"height":1632,"url":"https:\/\/conventionszczecin.eu\/wp-content\/uploads\/2024\/02\/Agencje-Eventowe-2.jpg","type":"image\/jpeg"}],"twitter_card":"summary_large_image","twitter_misc":{"Est. reading time":"2 minutes"},"schema":{"@context":"https:\/\/schema.org","@graph":[{"@type":"WebPage","@id":"https:\/\/conventionszczecin.eu\/en\/agencje-eventowe\/","url":"https:\/\/conventionszczecin.eu\/en\/agencje-eventowe\/","name":"Event agencies - Szczecin Convention Bureau","isPartOf":{"@id":"https:\/\/conventionszczecin.eu\/en\/#website"},"primaryImageOfPage":{"@id":"https:\/\/conventionszczecin.eu\/en\/agencje-eventowe\/#primaryimage"},"image":{"@id":"https:\/\/conventionszczecin.eu\/en\/agencje-eventowe\/#primaryimage"},"thumbnailUrl":"https:\/\/conventionszczecin.eu\/wp-content\/uploads\/2024\/02\/Agencje-Eventowe-2.jpg","datePublished":"2024-02-20T15:00:57+00:00","dateModified":"2026-03-24T11:14:32+00:00","breadcrumb":{"@id":"https:\/\/conventionszczecin.eu\/en\/agencje-eventowe\/#breadcrumb"},"inLanguage":"en-US","potentialAction":[{"@type":"ReadAction","target":["https:\/\/conventionszczecin.eu\/en\/agencje-eventowe\/"]}]},{"@type":"ImageObject","inLanguage":"en-US","@id":"https:\/\/conventionszczecin.eu\/en\/agencje-eventowe\/#primaryimage","url":"https:\/\/conventionszczecin.eu\/wp-content\/uploads\/2024\/02\/Agencje-Eventowe-2.jpg","contentUrl":"https:\/\/conventionszczecin.eu\/wp-content\/uploads\/2024\/02\/Agencje-Eventowe-2.jpg"},{"@type":"BreadcrumbList","@id":"https:\/\/conventionszczecin.eu\/en\/agencje-eventowe\/#breadcrumb","itemListElement":[{"@type":"ListItem","position":1,"name":"Strona g\u0142\u00f3wna","item":"https:\/\/conventionszczecin.eu\/en\/"},{"@type":"ListItem","position":2,"name":"Event agencies"}]},{"@type":"WebSite","@id":"https:\/\/conventionszczecin.eu\/en\/#website","url":"https:\/\/conventionszczecin.eu\/en\/","name":"Szczecin Convention Bureau","description":"Stolica Pomorza Zachodniego od wiek\u00f3w jest wa\u017cnym o\u015brodkiem gospodarczym. Szczecin przyci\u0105ga bogat\u0105 ofert\u0105 turystyczn\u0105, lokalizacj\u0105 i rozbudowan\u0105 infrastruktur\u0105.","potentialAction":[{"@type":"SearchAction","target":{"@type":"EntryPoint","urlTemplate":"https:\/\/conventionszczecin.eu\/en\/?s={search_term_string}"},"query-input":{"@type":"PropertyValueSpecification","valueRequired":true,"valueName":"search_term_string"}}],"inLanguage":"en-US"}]}},"_links":{"self":[{"href":"https:\/\/conventionszczecin.eu\/en\/wp-json\/wp\/v2\/pages\/2319","targetHints":{"allow":["GET"]}}],"collection":[{"href":"https:\/\/conventionszczecin.eu\/en\/wp-json\/wp\/v2\/pages"}],"about":[{"href":"https:\/\/conventionszczecin.eu\/en\/wp-json\/wp\/v2\/types\/page"}],"author":[{"embeddable":true,"href":"https:\/\/conventionszczecin.eu\/en\/wp-json\/wp\/v2\/users\/1"}],"replies":[{"embeddable":true,"href":"https:\/\/conventionszczecin.eu\/en\/wp-json\/wp\/v2\/comments?post=2319"}],"version-history":[{"count":7,"href":"https:\/\/conventionszczecin.eu\/en\/wp-json\/wp\/v2\/pages\/2319\/revisions"}],"predecessor-version":[{"id":3938,"href":"https:\/\/conventionszczecin.eu\/en\/wp-json\/wp\/v2\/pages\/2319\/revisions\/3938"}],"wp:attachment":[{"href":"https:\/\/conventionszczecin.eu\/en\/wp-json\/wp\/v2\/media?parent=2319"}],"curies":[{"name":"wp","href":"https:\/\/api.w.org\/{rel}","templated":true}]}}