{"id":2323,"date":"2024-02-15T12:56:06","date_gmt":"2024-02-15T12:56:06","guid":{"rendered":"https:\/\/conventionszczecin.eu\/dlaczego-szczecin\/"},"modified":"2024-08-26T10:24:26","modified_gmt":"2024-08-26T10:24:26","slug":"why-choose-szczecin","status":"publish","type":"page","link":"https:\/\/conventionszczecin.eu\/en\/why-choose-szczecin\/","title":{"rendered":"Why choose Szczecin?"},"content":{"rendered":"\n<div class=\"wp-block-columns alignfull mrelative bialy is-layout-flex wp-container-core-columns-is-layout-9d6595d7 wp-block-columns-is-layout-flex\">\n<div class=\"wp-block-column is-vertically-aligned-top h50 is-style-default is-layout-flow wp-block-column-is-layout-flow\">\n<figure class=\"wp-block-image size-full mcoverback\"><img loading=\"lazy\" decoding=\"async\" width=\"2560\" height=\"1705\" src=\"https:\/\/conventionszczecin.eu\/wp-content\/uploads\/2024\/02\/Dlaczego-Szczecin.jpg\" alt=\"\" class=\"wp-image-1949\" style=\"object-fit:cover\" srcset=\"https:\/\/conventionszczecin.eu\/wp-content\/uploads\/2024\/02\/Dlaczego-Szczecin.jpg 2560w, https:\/\/conventionszczecin.eu\/wp-content\/uploads\/2024\/02\/Dlaczego-Szczecin-300x200.jpg.webp 300w, https:\/\/conventionszczecin.eu\/wp-content\/uploads\/2024\/02\/Dlaczego-Szczecin-768x512.jpg.webp 768w, https:\/\/conventionszczecin.eu\/wp-content\/uploads\/2024\/02\/Dlaczego-Szczecin-1600x1066.jpg.webp 1600w, https:\/\/conventionszczecin.eu\/wp-content\/uploads\/2024\/02\/Dlaczego-Szczecin-1536x1023.jpg.webp 1536w, https:\/\/conventionszczecin.eu\/wp-content\/uploads\/2024\/02\/Dlaczego-Szczecin-2048x1364.jpg.webp 2048w, https:\/\/conventionszczecin.eu\/wp-content\/uploads\/2024\/02\/Dlaczego-Szczecin-40x27.jpg.webp 40w, https:\/\/conventionszczecin.eu\/wp-content\/uploads\/2024\/02\/Dlaczego-Szczecin-1622x1080.jpg.webp 1622w, https:\/\/conventionszczecin.eu\/wp-content\/uploads\/2024\/02\/Dlaczego-Szczecin-330x220.jpg.webp 330w, https:\/\/conventionszczecin.eu\/wp-content\/uploads\/2024\/02\/Dlaczego-Szczecin-980x653.jpg.webp 980w, https:\/\/conventionszczecin.eu\/wp-content\/uploads\/2024\/02\/Dlaczego-Szczecin-1920x1279.jpg.webp 1920w, https:\/\/conventionszczecin.eu\/wp-content\/uploads\/2024\/02\/Dlaczego-Szczecin-225x150.jpg.webp 225w, https:\/\/conventionszczecin.eu\/wp-content\/uploads\/2024\/02\/Dlaczego-Szczecin-1568x1044.jpg.webp 1568w, https:\/\/conventionszczecin.eu\/wp-content\/uploads\/2024\/02\/Dlaczego-Szczecin-300x200@2x.jpg.webp 600w, https:\/\/conventionszczecin.eu\/wp-content\/uploads\/2024\/02\/Dlaczego-Szczecin-40x27@2x.jpg.webp 80w, https:\/\/conventionszczecin.eu\/wp-content\/uploads\/2024\/02\/Dlaczego-Szczecin-330x220@2x.jpg.webp 660w, https:\/\/conventionszczecin.eu\/wp-content\/uploads\/2024\/02\/Dlaczego-Szczecin-980x653@2x.jpg.webp 1960w, https:\/\/conventionszczecin.eu\/wp-content\/uploads\/2024\/02\/Dlaczego-Szczecin-225x150@2x.jpg.webp 450w\" sizes=\"auto, (max-width: 2560px) 100vw, 2560px\" \/><\/figure>\n\n\n\n<div class=\"wp-block-columns are-vertically-aligned-bottom mheader is-layout-flex wp-container-core-columns-is-layout-9d6595d7 wp-block-columns-is-layout-flex\">\n<div class=\"wp-block-column is-vertically-aligned-bottom is-style-m-padl is-layout-flow wp-block-column-is-layout-flow\" style=\"flex-basis:680px\">\n<h1 class=\"wp-block-heading\">Why choose <strong>Szczecin?<\/strong><\/h1>\n\n\n\n<h6 class=\"wp-block-heading\">The capital of Western Pomerania has been an important economic centre for centuries. Szczecin attracts with its rich tourist offer, location and extensive infrastructure. <\/h6>\n\n\n\n<div style=\"height:100px\" aria-hidden=\"true\" class=\"wp-block-spacer is-style-m-spacerx2\"><\/div>\n<\/div>\n<\/div>\n<\/div>\n<\/div>\n\n\n\n<div class=\"wp-block-columns dlaczego is-layout-flex wp-container-core-columns-is-layout-9d6595d7 wp-block-columns-is-layout-flex\">\n<div class=\"wp-block-column has-white-color has-text-color has-background has-link-color wp-elements-13d709a8b888c9549c19b4241bb7a8ca is-layout-flow wp-block-column-is-layout-flow\" style=\"background-color:#0099d5\">\n<figure class=\"wp-block-image size-large\"><img decoding=\"async\" src=\"https:\/\/conventionszczecin.eu\/wp-content\/uploads\/2024\/02\/plane.svg\" alt=\"\" class=\"wp-image-1963\"\/><\/figure>\n\n\n\n<p><strong>2 LOCAL <\/strong><br><strong>AIRPORTS<\/strong><br>46 km Goleni\u00f3w<br>190 km Berlin<\/p>\n<\/div>\n\n\n\n<div class=\"wp-block-column has-white-color has-text-color has-background has-link-color wp-elements-4d3f09d52e60e92560f6a9441008e49b is-layout-flow wp-block-column-is-layout-flow\" style=\"background-color:#00719b\">\n<figure class=\"wp-block-image size-large\"><img decoding=\"async\" src=\"https:\/\/conventionszczecin.eu\/wp-content\/uploads\/2024\/02\/wind.svg\" alt=\"\" class=\"wp-image-1966\"\/><\/figure>\n\n\n\n<p><strong>CAPITAL OF <\/strong><br><strong>THE OFFSHORE <\/strong><br><strong>INDUSTRY<\/strong><\/p>\n<\/div>\n\n\n\n<div class=\"wp-block-column has-white-color has-text-color has-background has-link-color wp-elements-e660e1a5957b0136db0ca1265644be79 is-layout-flow wp-block-column-is-layout-flow\" style=\"background-color:#008880\">\n<figure class=\"wp-block-image size-large\"><img decoding=\"async\" src=\"https:\/\/conventionszczecin.eu\/wp-content\/uploads\/2024\/03\/hotel.svg\" alt=\"\" class=\"wp-image-2704\"\/><\/figure>\n\n\n\n<p><strong>2200 beds <\/strong><br><strong>in 4-star hotels<\/strong><\/p>\n<\/div>\n<\/div>\n\n\n\n<div style=\"height:100px\" aria-hidden=\"true\" class=\"wp-block-spacer is-style-m-spacerfull\"><\/div>\n\n\n\n<div class=\"wp-block-columns is-layout-flex wp-container-core-columns-is-layout-9d6595d7 wp-block-columns-is-layout-flex\">\n<div class=\"wp-block-column is-layout-flow wp-block-column-is-layout-flow\">\n<h2 class=\"wp-block-heading\">Convention in Szczecin<\/h2>\n\n\n\n<p><strong>The Szczecin Convention Bureau is the answer to the growing needs of the MICE and business tourism industry. <\/strong><\/p>\n\n\n\n<p>The dedicated website offers practical information for organisers of business events. A wide range of high-class conference facilities, a diverse hotel base and tourist attractions, combined with its cross-border location, make Szczecin a convenient place to organise both national and international events.<\/p>\n\n\n\n<p><\/p>\n<\/div>\n<\/div>\n\n\n\n<div style=\"height:100px\" aria-hidden=\"true\" class=\"wp-block-spacer is-style-m-spacerfull\"><\/div>\n\n\n\n<div class=\"wp-block-columns is-layout-flex wp-container-core-columns-is-layout-9d6595d7 wp-block-columns-is-layout-flex\">\n<div class=\"wp-block-column dwiekolumny is-layout-flow wp-block-column-is-layout-flow\">\n<p>Szczecin has been attracting big business for years. The city&#8217;s location has resulted in major international companies building their logistics centres here. IT start-ups are developing in Technopark Pomerania, and more companies are establishing their headquarters in the modern office spaces. The cultural offer, as well as the growing range of conference and hotel facilities, makes Szczecin a city that hosts world-class conferences.<\/p>\n\n\n\n<p>In recent years, Szczecin has seen the construction of such facilities as the Courtyard by Mariott ****, the Moxy hotel, the Dana hotel, the congress centre in the Hanza Tower, the Summer Theatre and the Szczecin Philharmonic, which was awarded the European Union&#8217;s most important architectural prize, the Mies van der Rohe Prize. Under construction are, among others, the conference space in the Old Printing House and the Hampton by Hilton.<\/p>\n<\/div>\n<\/div>\n\n\n\n<div style=\"height:100px\" aria-hidden=\"true\" class=\"wp-block-spacer is-style-m-spacerfull\"><\/div>\n\n\n\n<div class=\"wp-block-columns tabletcolumn is-layout-flex wp-container-core-columns-is-layout-9d6595d7 wp-block-columns-is-layout-flex\">\n<div class=\"wp-block-column is-layout-flow wp-block-column-is-layout-flow\">\n<figure class=\"wp-block-image size-large\"><img loading=\"lazy\" decoding=\"async\" width=\"1600\" height=\"1600\" src=\"https:\/\/conventionszczecin.eu\/wp-content\/uploads\/2024\/02\/filharmonia-1600x1600.jpg\" alt=\"\" class=\"wp-image-1975\" srcset=\"https:\/\/conventionszczecin.eu\/wp-content\/uploads\/2024\/02\/filharmonia-1600x1600.jpg.webp 1600w, https:\/\/conventionszczecin.eu\/wp-content\/uploads\/2024\/02\/filharmonia-150x150.jpg.webp 150w, https:\/\/conventionszczecin.eu\/wp-content\/uploads\/2024\/02\/filharmonia-300x300.jpg.webp 300w, https:\/\/conventionszczecin.eu\/wp-content\/uploads\/2024\/02\/filharmonia-768x768.jpg.webp 768w, https:\/\/conventionszczecin.eu\/wp-content\/uploads\/2024\/02\/filharmonia-1536x1536.jpg.webp 1536w, https:\/\/conventionszczecin.eu\/wp-content\/uploads\/2024\/02\/filharmonia-2048x2048.jpg.webp 2048w, https:\/\/conventionszczecin.eu\/wp-content\/uploads\/2024\/02\/filharmonia-40x40.jpg.webp 40w, https:\/\/conventionszczecin.eu\/wp-content\/uploads\/2024\/02\/filharmonia-1080x1080.jpg.webp 1080w, https:\/\/conventionszczecin.eu\/wp-content\/uploads\/2024\/02\/filharmonia-220x220.jpg.webp 220w, https:\/\/conventionszczecin.eu\/wp-content\/uploads\/2024\/02\/filharmonia-980x980.jpg.webp 980w, https:\/\/conventionszczecin.eu\/wp-content\/uploads\/2024\/02\/filharmonia-280x280.jpg.webp 280w, https:\/\/conventionszczecin.eu\/wp-content\/uploads\/2024\/02\/filharmonia-1920x1920.jpg.webp 1920w, https:\/\/conventionszczecin.eu\/wp-content\/uploads\/2024\/02\/filharmonia-1568x1568.jpg.webp 1568w, https:\/\/conventionszczecin.eu\/wp-content\/uploads\/2024\/02\/filharmonia-300x300@2x.jpg.webp 600w, https:\/\/conventionszczecin.eu\/wp-content\/uploads\/2024\/02\/filharmonia-40x40@2x.jpg.webp 80w, https:\/\/conventionszczecin.eu\/wp-content\/uploads\/2024\/02\/filharmonia-1080x1080@2x.jpg.webp 2160w, https:\/\/conventionszczecin.eu\/wp-content\/uploads\/2024\/02\/filharmonia-220x220@2x.jpg.webp 440w, https:\/\/conventionszczecin.eu\/wp-content\/uploads\/2024\/02\/filharmonia-980x980@2x.jpg.webp 1960w, https:\/\/conventionszczecin.eu\/wp-content\/uploads\/2024\/02\/filharmonia-280x280@2x.jpg.webp 560w\" sizes=\"auto, (max-width: 1600px) 100vw, 1600px\" \/><\/figure>\n<\/div>\n\n\n\n<div class=\"wp-block-column url is-layout-flow wp-block-column-is-layout-flow\">\n<p class=\"has-white-color has-text-color has-background has-link-color wp-elements-9e443827961b8582b19961a42b21cf01\" style=\"background-color:#00719b\"><a href=\"https:\/\/visitszczecin.eu\/en\">Check out Szczecin&#8217;s biggest attractions<\/a><\/p>\n<\/div>\n\n\n\n<div class=\"wp-block-column is-layout-flow wp-block-column-is-layout-flow\">\n<figure class=\"wp-block-image size-large\"><img loading=\"lazy\" decoding=\"async\" width=\"1600\" height=\"1600\" src=\"https:\/\/conventionszczecin.eu\/wp-content\/uploads\/2024\/02\/orly-1600x1600.jpg\" alt=\"\" class=\"wp-image-1972\" srcset=\"https:\/\/conventionszczecin.eu\/wp-content\/uploads\/2024\/02\/orly-1600x1600.jpg.webp 1600w, https:\/\/conventionszczecin.eu\/wp-content\/uploads\/2024\/02\/orly-150x150.jpg.webp 150w, https:\/\/conventionszczecin.eu\/wp-content\/uploads\/2024\/02\/orly-300x300.jpg.webp 300w, https:\/\/conventionszczecin.eu\/wp-content\/uploads\/2024\/02\/orly-768x768.jpg.webp 768w, https:\/\/conventionszczecin.eu\/wp-content\/uploads\/2024\/02\/orly-1536x1536.jpg.webp 1536w, https:\/\/conventionszczecin.eu\/wp-content\/uploads\/2024\/02\/orly-2048x2048.jpg.webp 2048w, https:\/\/conventionszczecin.eu\/wp-content\/uploads\/2024\/02\/orly-40x40.jpg.webp 40w, https:\/\/conventionszczecin.eu\/wp-content\/uploads\/2024\/02\/orly-1080x1080.jpg.webp 1080w, https:\/\/conventionszczecin.eu\/wp-content\/uploads\/2024\/02\/orly-220x220.jpg.webp 220w, https:\/\/conventionszczecin.eu\/wp-content\/uploads\/2024\/02\/orly-980x980.jpg.webp 980w, https:\/\/conventionszczecin.eu\/wp-content\/uploads\/2024\/02\/orly-280x280.jpg.webp 280w, https:\/\/conventionszczecin.eu\/wp-content\/uploads\/2024\/02\/orly-1920x1920.jpg.webp 1920w, https:\/\/conventionszczecin.eu\/wp-content\/uploads\/2024\/02\/orly-1568x1568.jpg.webp 1568w, https:\/\/conventionszczecin.eu\/wp-content\/uploads\/2024\/02\/orly-300x300@2x.jpg.webp 600w, https:\/\/conventionszczecin.eu\/wp-content\/uploads\/2024\/02\/orly-40x40@2x.jpg.webp 80w, https:\/\/conventionszczecin.eu\/wp-content\/uploads\/2024\/02\/orly-1080x1080@2x.jpg.webp 2160w, https:\/\/conventionszczecin.eu\/wp-content\/uploads\/2024\/02\/orly-220x220@2x.jpg.webp 440w, https:\/\/conventionszczecin.eu\/wp-content\/uploads\/2024\/02\/orly-980x980@2x.jpg.webp 1960w, https:\/\/conventionszczecin.eu\/wp-content\/uploads\/2024\/02\/orly-280x280@2x.jpg.webp 560w\" sizes=\"auto, (max-width: 1600px) 100vw, 1600px\" \/><\/figure>\n<\/div>\n<\/div>\n","protected":false},"excerpt":{"rendered":"<p>Why choose Szczecin? The capital of Western Pomerania has been an important economic centre for centuries. Szczecin attracts with its rich tourist offer, location and extensive infrastructure. 2 LOCAL AIRPORTS46 [&hellip;]<\/p>\n","protected":false},"author":1,"featured_media":0,"parent":0,"menu_order":0,"comment_status":"closed","ping_status":"closed","template":"","meta":{"_acf_changed":false,"inline_featured_image":false,"footnotes":""},"class_list":["post-2323","page","type-page","status-publish","hentry"],"acf":[],"yoast_head":"<!-- This site is optimized with the Yoast SEO plugin v25.1 - https:\/\/yoast.com\/wordpress\/plugins\/seo\/ -->\n<title>Why choose Szczecin? - Szczecin Convention Bureau<\/title>\n<meta name=\"robots\" content=\"index, follow, max-snippet:-1, max-image-preview:large, max-video-preview:-1\" \/>\n<link rel=\"canonical\" href=\"https:\/\/conventionszczecin.eu\/en\/why-choose-szczecin\/\" \/>\n<meta property=\"og:locale\" content=\"en_US\" \/>\n<meta property=\"og:type\" content=\"article\" \/>\n<meta property=\"og:title\" content=\"Why choose Szczecin? - Szczecin Convention Bureau\" \/>\n<meta property=\"og:description\" content=\"Why choose Szczecin? The capital of Western Pomerania has been an important economic centre for centuries. Szczecin attracts with its rich tourist offer, location and extensive infrastructure. 2 LOCAL AIRPORTS46 [&hellip;]\" \/>\n<meta property=\"og:url\" content=\"https:\/\/conventionszczecin.eu\/en\/why-choose-szczecin\/\" \/>\n<meta property=\"og:site_name\" content=\"Szczecin Convention Bureau\" \/>\n<meta property=\"article:modified_time\" content=\"2024-08-26T10:24:26+00:00\" \/>\n<meta property=\"og:image\" content=\"https:\/\/conventionszczecin.eu\/wp-content\/uploads\/2024\/02\/Dlaczego-Szczecin.jpg\" \/>\n<meta name=\"twitter:card\" content=\"summary_large_image\" \/>\n<meta name=\"twitter:label1\" content=\"Est. reading time\" \/>\n\t<meta name=\"twitter:data1\" content=\"3 minutes\" \/>\n<script type=\"application\/ld+json\" class=\"yoast-schema-graph\">{\"@context\":\"https:\/\/schema.org\",\"@graph\":[{\"@type\":\"WebPage\",\"@id\":\"https:\/\/conventionszczecin.eu\/en\/why-choose-szczecin\/\",\"url\":\"https:\/\/conventionszczecin.eu\/en\/why-choose-szczecin\/\",\"name\":\"Why choose Szczecin? - Szczecin Convention Bureau\",\"isPartOf\":{\"@id\":\"https:\/\/conventionszczecin.eu\/en\/#website\"},\"primaryImageOfPage\":{\"@id\":\"https:\/\/conventionszczecin.eu\/en\/why-choose-szczecin\/#primaryimage\"},\"image\":{\"@id\":\"https:\/\/conventionszczecin.eu\/en\/why-choose-szczecin\/#primaryimage\"},\"thumbnailUrl\":\"https:\/\/conventionszczecin.eu\/wp-content\/uploads\/2024\/02\/Dlaczego-Szczecin.jpg\",\"datePublished\":\"2024-02-15T12:56:06+00:00\",\"dateModified\":\"2024-08-26T10:24:26+00:00\",\"breadcrumb\":{\"@id\":\"https:\/\/conventionszczecin.eu\/en\/why-choose-szczecin\/#breadcrumb\"},\"inLanguage\":\"en-US\",\"potentialAction\":[{\"@type\":\"ReadAction\",\"target\":[\"https:\/\/conventionszczecin.eu\/en\/why-choose-szczecin\/\"]}]},{\"@type\":\"ImageObject\",\"inLanguage\":\"en-US\",\"@id\":\"https:\/\/conventionszczecin.eu\/en\/why-choose-szczecin\/#primaryimage\",\"url\":\"https:\/\/conventionszczecin.eu\/wp-content\/uploads\/2024\/02\/Dlaczego-Szczecin.jpg\",\"contentUrl\":\"https:\/\/conventionszczecin.eu\/wp-content\/uploads\/2024\/02\/Dlaczego-Szczecin.jpg\"},{\"@type\":\"BreadcrumbList\",\"@id\":\"https:\/\/conventionszczecin.eu\/en\/why-choose-szczecin\/#breadcrumb\",\"itemListElement\":[{\"@type\":\"ListItem\",\"position\":1,\"name\":\"Strona g\u0142\u00f3wna\",\"item\":\"https:\/\/conventionszczecin.eu\/en\/\"},{\"@type\":\"ListItem\",\"position\":2,\"name\":\"Why choose Szczecin?\"}]},{\"@type\":\"WebSite\",\"@id\":\"https:\/\/conventionszczecin.eu\/en\/#website\",\"url\":\"https:\/\/conventionszczecin.eu\/en\/\",\"name\":\"Szczecin Convention Bureau\",\"description\":\"Stolica Pomorza Zachodniego od wiek\u00f3w jest wa\u017cnym o\u015brodkiem gospodarczym. Szczecin przyci\u0105ga bogat\u0105 ofert\u0105 turystyczn\u0105, lokalizacj\u0105 i rozbudowan\u0105 infrastruktur\u0105.\",\"potentialAction\":[{\"@type\":\"SearchAction\",\"target\":{\"@type\":\"EntryPoint\",\"urlTemplate\":\"https:\/\/conventionszczecin.eu\/en\/?s={search_term_string}\"},\"query-input\":{\"@type\":\"PropertyValueSpecification\",\"valueRequired\":true,\"valueName\":\"search_term_string\"}}],\"inLanguage\":\"en-US\"}]}<\/script>\n<!-- \/ Yoast SEO plugin. -->","yoast_head_json":{"title":"Why choose Szczecin? - Szczecin Convention Bureau","robots":{"index":"index","follow":"follow","max-snippet":"max-snippet:-1","max-image-preview":"max-image-preview:large","max-video-preview":"max-video-preview:-1"},"canonical":"https:\/\/conventionszczecin.eu\/en\/why-choose-szczecin\/","og_locale":"en_US","og_type":"article","og_title":"Why choose Szczecin? - Szczecin Convention Bureau","og_description":"Why choose Szczecin? The capital of Western Pomerania has been an important economic centre for centuries. Szczecin attracts with its rich tourist offer, location and extensive infrastructure. 2 LOCAL AIRPORTS46 [&hellip;]","og_url":"https:\/\/conventionszczecin.eu\/en\/why-choose-szczecin\/","og_site_name":"Szczecin Convention Bureau","article_modified_time":"2024-08-26T10:24:26+00:00","og_image":[{"url":"https:\/\/conventionszczecin.eu\/wp-content\/uploads\/2024\/02\/Dlaczego-Szczecin.jpg","type":"","width":"","height":""}],"twitter_card":"summary_large_image","twitter_misc":{"Est. reading time":"3 minutes"},"schema":{"@context":"https:\/\/schema.org","@graph":[{"@type":"WebPage","@id":"https:\/\/conventionszczecin.eu\/en\/why-choose-szczecin\/","url":"https:\/\/conventionszczecin.eu\/en\/why-choose-szczecin\/","name":"Why choose Szczecin? - Szczecin Convention Bureau","isPartOf":{"@id":"https:\/\/conventionszczecin.eu\/en\/#website"},"primaryImageOfPage":{"@id":"https:\/\/conventionszczecin.eu\/en\/why-choose-szczecin\/#primaryimage"},"image":{"@id":"https:\/\/conventionszczecin.eu\/en\/why-choose-szczecin\/#primaryimage"},"thumbnailUrl":"https:\/\/conventionszczecin.eu\/wp-content\/uploads\/2024\/02\/Dlaczego-Szczecin.jpg","datePublished":"2024-02-15T12:56:06+00:00","dateModified":"2024-08-26T10:24:26+00:00","breadcrumb":{"@id":"https:\/\/conventionszczecin.eu\/en\/why-choose-szczecin\/#breadcrumb"},"inLanguage":"en-US","potentialAction":[{"@type":"ReadAction","target":["https:\/\/conventionszczecin.eu\/en\/why-choose-szczecin\/"]}]},{"@type":"ImageObject","inLanguage":"en-US","@id":"https:\/\/conventionszczecin.eu\/en\/why-choose-szczecin\/#primaryimage","url":"https:\/\/conventionszczecin.eu\/wp-content\/uploads\/2024\/02\/Dlaczego-Szczecin.jpg","contentUrl":"https:\/\/conventionszczecin.eu\/wp-content\/uploads\/2024\/02\/Dlaczego-Szczecin.jpg"},{"@type":"BreadcrumbList","@id":"https:\/\/conventionszczecin.eu\/en\/why-choose-szczecin\/#breadcrumb","itemListElement":[{"@type":"ListItem","position":1,"name":"Strona g\u0142\u00f3wna","item":"https:\/\/conventionszczecin.eu\/en\/"},{"@type":"ListItem","position":2,"name":"Why choose Szczecin?"}]},{"@type":"WebSite","@id":"https:\/\/conventionszczecin.eu\/en\/#website","url":"https:\/\/conventionszczecin.eu\/en\/","name":"Szczecin Convention Bureau","description":"Stolica Pomorza Zachodniego od wiek\u00f3w jest wa\u017cnym o\u015brodkiem gospodarczym. Szczecin przyci\u0105ga bogat\u0105 ofert\u0105 turystyczn\u0105, lokalizacj\u0105 i rozbudowan\u0105 infrastruktur\u0105.","potentialAction":[{"@type":"SearchAction","target":{"@type":"EntryPoint","urlTemplate":"https:\/\/conventionszczecin.eu\/en\/?s={search_term_string}"},"query-input":{"@type":"PropertyValueSpecification","valueRequired":true,"valueName":"search_term_string"}}],"inLanguage":"en-US"}]}},"_links":{"self":[{"href":"https:\/\/conventionszczecin.eu\/en\/wp-json\/wp\/v2\/pages\/2323","targetHints":{"allow":["GET"]}}],"collection":[{"href":"https:\/\/conventionszczecin.eu\/en\/wp-json\/wp\/v2\/pages"}],"about":[{"href":"https:\/\/conventionszczecin.eu\/en\/wp-json\/wp\/v2\/types\/page"}],"author":[{"embeddable":true,"href":"https:\/\/conventionszczecin.eu\/en\/wp-json\/wp\/v2\/users\/1"}],"replies":[{"embeddable":true,"href":"https:\/\/conventionszczecin.eu\/en\/wp-json\/wp\/v2\/comments?post=2323"}],"version-history":[{"count":13,"href":"https:\/\/conventionszczecin.eu\/en\/wp-json\/wp\/v2\/pages\/2323\/revisions"}],"predecessor-version":[{"id":3179,"href":"https:\/\/conventionszczecin.eu\/en\/wp-json\/wp\/v2\/pages\/2323\/revisions\/3179"}],"wp:attachment":[{"href":"https:\/\/conventionszczecin.eu\/en\/wp-json\/wp\/v2\/media?parent=2323"}],"curies":[{"name":"wp","href":"https:\/\/api.w.org\/{rel}","templated":true}]}}